{"id":490,"date":"2021-12-11T11:45:44","date_gmt":"2021-12-11T09:45:44","guid":{"rendered":"https:\/\/tqlservice.eu\/?page_id=490"},"modified":"2021-12-11T11:45:59","modified_gmt":"2021-12-11T09:45:59","slug":"tiraz","status":"publish","type":"page","link":"https:\/\/tqlservice.eu\/sk\/tiraz\/","title":{"rendered":"Tir\u00e1\u017e"},"content":{"rendered":"<p>[vc_row css=&#8220;.vc_custom_1592484619273{margin-top: -80px !important;}&#8220;][vc_column][vc_column_text]<\/p>\n<h1 style=\"text-align: center;\">Tir\u00e1\u017e<\/h1>\n<p>[\/vc_column_text][vc_separator color=&#8220;orange&#8220; style=&#8220;shadow&#8220; border_width=&#8220;2&#8243;][\/vc_column][\/vc_row][vc_row][vc_column width=&#8220;1\/2&#8243;][vc_column_text]Oldal, \u00e9s domain tulajdonosa:<\/p>\n<h4><span id=\"LongName\">TQL S.R.O.<\/span><\/h4>\n<p><span class=\"address\">943 04 Obid, Dolnoseck\u00e1 21<br \/>\n<\/span><span class=\"label\">AD\u00d3SZ\u00c1M: SK2120399468<\/span><\/p>\n<h4><span id=\"LongName\">TQL s.r.o. Magyarorsz\u00e1gi Fi\u00f3ktelepe<\/span><\/h4>\n<p><span class=\"address\">9025 Gy\u0151r, Simor t\u00e9r 5.<br \/>\n<\/span><span class=\"label\">AD\u00d3SZ\u00c1M: 26747961-2-08<\/span><span class=\"data\"><br \/>\n<\/span><span class=\"label\">C\u00c9GJEGYZ\u00c9KSZ\u00c1M: 08 17 000068<\/span><\/p>\n<p><img loading=\"lazy\" decoding=\"async\" class=\"size-full wp-image-44 aligncenter\" src=\"https:\/\/tqlservice.eu\/wp-content\/uploads\/2020\/06\/logo_50.png\" alt=\"\" width=\"216\" height=\"50\" \/>[\/vc_column_text][\/vc_column][vc_column width=&#8220;1\/2&#8243;][vc_column_text]Weboldal t\u00e1rhely \u00fczemeltet\u0151:<\/p>\n<p><strong>KTS Informatika<\/strong> v\u00e1llalkoz\u00e1s adatai:<br \/>\nTak\u00e1cs G\u00e1bor e.v.<br \/>\nAd\u00f3sz\u00e1ma: 66722560-1-28<br \/>\nNyilv\u00e1ntart\u00e1si sz\u00e1ma: 38141289<br \/>\n+36-20\/316-2431,<br \/>\ninfo@kts.hu<\/p>\n<p><img loading=\"lazy\" decoding=\"async\" class=\" wp-image-8 aligncenter\" src=\"https:\/\/clubcarat.hu\/wp-content\/uploads\/2019\/10\/kts-informatika-weboldal-honlap-kesztes-gyor_3.png\" alt=\"\" width=\"154\" height=\"47\" \/>[\/vc_column_text][\/vc_column][\/vc_row][vc_row][vc_column][vc_separator color=&#8220;custom&#8220; style=&#8220;shadow&#8220; accent_color=&#8220;#a8a8a8&#8243;][\/vc_column][\/vc_row]<\/p>\n","protected":false},"excerpt":{"rendered":"<p>[vc_row css=&#8220;.vc_custom_1592484619273{margin-top: -80px !important;}&#8220;][vc_column][vc_column_text] Tir\u00e1\u017e [\/vc_column_text][vc_separator color=&#8220;orange&#8220; style=&#8220;shadow&#8220; border_width=&#8220;2&#8243;][\/vc_column][\/vc_row][vc_row][vc_column width=&#8220;1\/2&#8243;][vc_column_text]Oldal, \u00e9s domain tulajdonosa: TQL S.R.O. 943 04 Obid, Dolnoseck\u00e1 21 AD\u00d3SZ\u00c1M: SK2120399468 TQL s.r.o. Magyarorsz\u00e1gi Fi\u00f3ktelepe 9025 Gy\u0151r, Simor t\u00e9r 5. AD\u00d3SZ\u00c1M: 26747961-2-08 C\u00c9GJEGYZ\u00c9KSZ\u00c1M: 08 17 000068 [\/vc_column_text][\/vc_column][vc_column width=&#8220;1\/2&#8243;][vc_column_text]Weboldal t\u00e1rhely \u00fczemeltet\u0151: KTS Informatika v\u00e1llalkoz\u00e1s adatai: Tak\u00e1cs G\u00e1bor e.v. Ad\u00f3sz\u00e1ma: 66722560-1-28 Nyilv\u00e1ntart\u00e1si sz\u00e1ma: 38141289 +36-20\/316-2431, info@kts.hu [&hellip;]<\/p>\n","protected":false},"author":1,"featured_media":0,"parent":0,"menu_order":0,"comment_status":"closed","ping_status":"closed","template":"","meta":{"_exactmetrics_skip_tracking":false,"_exactmetrics_sitenote_active":false,"_exactmetrics_sitenote_note":"","_exactmetrics_sitenote_category":0,"footnotes":""},"class_list":["post-490","page","type-page","status-publish","hentry"],"_links":{"self":[{"href":"https:\/\/tqlservice.eu\/sk\/wp-json\/wp\/v2\/pages\/490","targetHints":{"allow":["GET"]}}],"collection":[{"href":"https:\/\/tqlservice.eu\/sk\/wp-json\/wp\/v2\/pages"}],"about":[{"href":"https:\/\/tqlservice.eu\/sk\/wp-json\/wp\/v2\/types\/page"}],"author":[{"embeddable":true,"href":"https:\/\/tqlservice.eu\/sk\/wp-json\/wp\/v2\/users\/1"}],"replies":[{"embeddable":true,"href":"https:\/\/tqlservice.eu\/sk\/wp-json\/wp\/v2\/comments?post=490"}],"version-history":[{"count":3,"href":"https:\/\/tqlservice.eu\/sk\/wp-json\/wp\/v2\/pages\/490\/revisions"}],"predecessor-version":[{"id":493,"href":"https:\/\/tqlservice.eu\/sk\/wp-json\/wp\/v2\/pages\/490\/revisions\/493"}],"wp:attachment":[{"href":"https:\/\/tqlservice.eu\/sk\/wp-json\/wp\/v2\/media?parent=490"}],"curies":[{"name":"wp","href":"https:\/\/api.w.org\/{rel}","templated":true}]}}