{"id":457,"date":"2021-09-29T16:08:02","date_gmt":"2021-09-29T14:08:02","guid":{"rendered":"https:\/\/tqlservice.eu\/?page_id=457"},"modified":"2024-08-21T15:49:08","modified_gmt":"2024-08-21T13:49:08","slug":"kontakt","status":"publish","type":"page","link":"https:\/\/tqlservice.eu\/sk\/kontakt\/","title":{"rendered":"Kontakt"},"content":{"rendered":"<p>[vc_row css=&#8220;.vc_custom_1592484763273{margin-top: -80px !important;}&#8220;][vc_column][vc_column_text]<\/p>\n<h1 style=\"text-align: center;\">KONTAKT<\/h1>\n<p>[\/vc_column_text][vc_separator color=&#8220;orange&#8220; style=&#8220;shadow&#8220; border_width=&#8220;2&#8243;][vc_column_text]<\/p>\n<p style=\"text-align: center;\"><strong><span style=\"font-size: 14pt;\">HR\/Call center<\/span><\/strong><br \/>\n<a href=\"tel:+36301581428\"><span style=\"font-size: 14pt;\">+36 30\u00a0158 1428<\/span><\/a><br \/>\n<span style=\"font-size: 14pt;\"><a href=\"mailto:hr@tqlservice.eu\" target=\"_blank\" rel=\"noopener\">hr@tqlservice.eu<\/a><\/span><\/p>\n<p>[\/vc_column_text][vc_separator color=&#8220;orange&#8220; style=&#8220;shadow&#8220; border_width=&#8220;2&#8243;][\/vc_column][\/vc_row][vc_row][vc_column width=&#8220;1\/2&#8243;][vc_column_text]<\/p>\n<p style=\"text-align: center;\"><span style=\"font-weight: 400; font-size: 14pt;\">Prev\u00e1dzkov\u00fd mana\u017e\u00e9r:<\/span><\/p>\n<p style=\"text-align: center;\"><span style=\"font-size: 14pt;\"><span style=\"font-weight: 400;\">Zsolt Domonkos<br \/>\n<\/span><span style=\"font-weight: 400;\">\u2706\u00a0<a href=\"tel:00421918529119\">+421 918 529 119<\/a><br \/>\n<\/span><span style=\"font-weight: 400;\">\u2709 <\/span><a href=\"mailto:zsolt.domonkos@tqlservice.eu\"><span style=\"font-weight: 400;\">zsolt.domonkos@tqlservice.eu<\/span><\/a><\/span><\/p>\n<p>[\/vc_column_text][\/vc_column][vc_column width=&#8220;1\/2&#8243;][vc_column_text]<\/p>\n<p style=\"text-align: center;\"><span style=\"font-weight: 400; font-size: 14pt;\">Predaja:<\/span><\/p>\n<p style=\"text-align: center;\"><span style=\"font-size: 14pt;\"><span style=\"font-weight: 400;\">Lilla G\u00e1l<br \/>\n<\/span><span style=\"font-weight: 400;\">\u2706 <\/span><a href=\"tel:0036706077104\">+36-70\/607 7104<\/a><br \/>\n<span style=\"font-weight: 400; font-size: 14pt;\">\u2709 <a href=\"mailto:l.gal@tqlservice.eu\">l.gal@tqlservice.eu<\/a><\/span><br \/>\n<u><\/u><\/span><\/p>\n<p>[\/vc_column_text][\/vc_column][\/vc_row][vc_row disable_element=&#8220;yes&#8220;][vc_column width=&#8220;1\/3&#8243;][\/vc_column][vc_column width=&#8220;1\/3&#8243;][\/vc_column][vc_column width=&#8220;1\/3&#8243;][vc_column_text]<span style=\"font-weight: 400; font-size: 14pt;\">Riadite\u013e predaja:<\/span><\/p>\n<p style=\"padding-left: 40px;\"><span style=\"font-size: 14pt;\"><span style=\"font-weight: 400;\">Somogyi Bal\u00e1zs<br \/>\n<\/span><span style=\"font-weight: 400;\">\u2706 <\/span><a href=\"tel:0036706136087\">+36-70\/613-6087<\/a><br \/>\n<span style=\"font-weight: 400; font-size: 14pt;\">\u2709 <a href=\"mailto:balazs.somogyi@tqlservice.eu\">balazs.somogyi@tqlservice.eu<\/a><\/span><br \/>\n<u><\/u><\/span>[\/vc_column_text][\/vc_column][\/vc_row][vc_row disable_element=&#8220;yes&#8220;][vc_column][vc_column_text]<\/p>\n<p style=\"text-align: center;\"><span style=\"font-size: 14pt;\"><strong>Mana\u017e\u00e9r pobo\u010dky\/V\u00fdkonn\u00fd riadite\u013e<\/strong><\/span><\/p>\n<p>[\/vc_column_text][vc_column_text]<\/p>\n<p style=\"text-align: center;\"><span style=\"font-size: 14pt;\"><span style=\"font-weight: 400;\">G\u00e1belics Attila<br \/>\n<\/span><span style=\"font-weight: 400;\">\u2706 <\/span><a href=\"tel:0036304104044\">+36-30\/410-4044<\/a><\/span><br \/>\n<span style=\"font-weight: 400; font-size: 14pt;\">\u2709 <a href=\"mailto:a.gabelics@tqlservice.eu\">a.gabelics@tqlservice.eu<\/a><\/span>[\/vc_column_text][vc_empty_space][\/vc_column][\/vc_row][vc_row][vc_column][vc_separator color=&#8220;sandy_brown&#8220; style=&#8220;shadow&#8220;][vc_column_text]<\/p>\n<p style=\"text-align: center;\"><span style=\"font-size: 14pt;\"><strong>Majitelia\/mana\u017e\u00e9ri<\/strong><\/span><\/p>\n<p>[\/vc_column_text][vc_separator color=&#8220;sandy_brown&#8220; style=&#8220;shadow&#8220;][vc_row_inner][vc_column_inner width=&#8220;1\/2&#8243;][vc_column_text]<\/p>\n<p style=\"text-align: center;\"><span style=\"font-weight: 400; font-size: 14pt;\">L\u00e1szl\u00f3 Piski<br \/>\n<\/span><a href=\"mailto:laszlo.piski@tqlservice.eu\"><span style=\"font-size: 14pt;\"><span style=\"font-weight: 400;\">laszlo.piski@tqlservice.eu<\/span><\/span><\/a>[\/vc_column_text][\/vc_column_inner][vc_column_inner width=&#8220;1\/2&#8243;][vc_column_text]<\/p>\n<p style=\"text-align: center;\"><span style=\"font-weight: 400; font-size: 14pt;\">Tam\u00e1s H\u00e1hn<br \/>\n<\/span><a href=\"mailto:t.hahn@tqlservice.eu\"><span style=\"font-size: 14pt;\"><span style=\"font-weight: 400;\">t.hahn@tqlservice.eu<\/span><\/span><\/a>[\/vc_column_text][\/vc_column_inner][\/vc_row_inner][\/vc_column][\/vc_row][vc_row][vc_column][vc_empty_space][vc_column_text]<\/p>\n<p style=\"text-align: left;\"><span style=\"font-size: 14pt;\"><strong>M\u00e1\u0161 ot\u00e1zku? Nap\u00ed\u0161te n\u00e1m<\/strong><\/span><\/p>\n<p>[\/vc_column_text][vc_separator color=&#8220;sandy_brown&#8220; style=&#8220;shadow&#8220;][vc_column_text]<\/p>\n<table class=\"nf-table-display\">\n<tbody class=\"forms-collection\">\n<tr>\n<td><noscript class=\"ninja-forms-noscript-message\">\n\tNotice: JavaScript is required for this content.<\/noscript>\n<div id=\"nf-form-9-cont\" class=\"nf-form-cont\" aria-live=\"polite\" aria-labelledby=\"nf-form-title-9\" aria-describedby=\"nf-form-errors-9\" role=\"form\">\n\n    <div class=\"nf-loading-spinner\"><\/div>\n\n<\/div>\n        <!-- That data is being printed as a workaround to page builders reordering the order of the scripts loaded-->\n        <script>var formDisplay=1;var nfForms=nfForms||[];var form=[];form.id='9';form.settings={\"objectType\":\"Form Setting\",\"editActive\":true,\"title\":\"Kapcsolat - SK\",\"created_at\":\"2023-06-30 15:06:13\",\"default_label_pos\":\"above\",\"show_title\":0,\"clear_complete\":\"1\",\"hide_complete\":\"1\",\"logged_in\":\"\",\"wrapper_class\":\"\",\"element_class\":\"\",\"form_title_heading_level\":\"3\",\"key\":\"\",\"add_submit\":\"1\",\"currency\":\"\",\"unique_field_error\":\"A form with this value has already been submitted.\",\"not_logged_in_msg\":\"\",\"sub_limit_msg\":\"The form has reached its submission limit.\",\"calculations\":[],\"formContentData\":[\"meno_1688130749734\",\"e-mailova_adresa_1688130762214\",\"mesto_1688130902163\",\"telefonne_cislo_1688130790902\",\"sprava_1688130907101\",\"prosim_potvrdte_vasu_totoznost_1688130802405\",\"odoslat_spravu_1688130851734\"],\"changeEmailErrorMsg\":\"ZADAJTE SKUTO\\u010cN\\u00da E-MAILOV\\u00da ADRESU!\",\"changeDateErrorMsg\":\"Please enter a valid date!\",\"confirmFieldErrorMsg\":\"These fields must match!\",\"fieldNumberNumMinError\":\"Number Min Error\",\"fieldNumberNumMaxError\":\"Number Max Error\",\"fieldNumberIncrementBy\":\"Please increment by \",\"formErrorsCorrectErrors\":\"Please correct errors before submitting this form.\",\"validateRequiredField\":\"TOTO POLE JE POVINN\\u00c9.\",\"honeypotHoneypotError\":\"Honeypot Error\",\"fieldsMarkedRequired\":\"POLIA OZNA\\u010cEN\\u00c9 * S\\u00da POVINN\\u00c9\",\"drawerDisabled\":false,\"allow_public_link\":0,\"embed_form\":\"\",\"ninjaForms\":\"Ninja Forms\",\"fieldTextareaRTEInsertLink\":\"Insert Link\",\"fieldTextareaRTEInsertMedia\":\"Insert Media\",\"fieldTextareaRTESelectAFile\":\"Select a file\",\"formHoneypot\":\"If you are a human seeing this field, please leave it empty.\",\"fileUploadOldCodeFileUploadInProgress\":\"File Upload in Progress.\",\"fileUploadOldCodeFileUpload\":\"FILE UPLOAD\",\"currencySymbol\":\"&#70;&#116;\",\"thousands_sep\":\"&nbsp;\",\"decimal_point\":\",\",\"siteLocale\":\"sk_SK\",\"dateFormat\":\"Y\\\/m\\\/d\",\"startOfWeek\":\"1\",\"of\":\"of\",\"previousMonth\":\"Previous Month\",\"nextMonth\":\"Next Month\",\"months\":[\"January\",\"February\",\"March\",\"April\",\"May\",\"June\",\"July\",\"August\",\"September\",\"October\",\"November\",\"December\"],\"monthsShort\":[\"Jan\",\"Feb\",\"Mar\",\"Apr\",\"May\",\"Jun\",\"Jul\",\"Aug\",\"Sep\",\"Oct\",\"Nov\",\"Dec\"],\"weekdays\":[\"Sunday\",\"Monday\",\"Tuesday\",\"Wednesday\",\"Thursday\",\"Friday\",\"Saturday\"],\"weekdaysShort\":[\"Sun\",\"Mon\",\"Tue\",\"Wed\",\"Thu\",\"Fri\",\"Sat\"],\"weekdaysMin\":[\"Su\",\"Mo\",\"Tu\",\"We\",\"Th\",\"Fr\",\"Sa\"],\"recaptchaConsentMissing\":\"reCaptcha validation couldn&#039;t load.\",\"recaptchaMissingCookie\":\"reCaptcha v3 validation couldn&#039;t load the cookie needed to submit the form.\",\"recaptchaConsentEvent\":\"Accept reCaptcha cookies before sending the form.\",\"currency_symbol\":\"\",\"beforeForm\":\"\",\"beforeFields\":\"\",\"afterFields\":\"\",\"afterForm\":\"\"};form.fields=[{\"objectType\":\"Field\",\"objectDomain\":\"fields\",\"editActive\":false,\"order\":1,\"idAttribute\":\"id\",\"label\":\"Meno: \",\"type\":\"firstname\",\"key\":\"meno_1688130749734\",\"label_pos\":\"above\",\"required\":1,\"default\":\"\",\"placeholder\":\"\",\"container_class\":\"\",\"element_class\":\"\",\"admin_label\":\"\",\"help_text\":\"\",\"custom_name_attribute\":\"fname\",\"personally_identifiable\":1,\"value\":\"\",\"drawerDisabled\":\"\",\"field_label\":\"Name:\",\"field_key\":\"name_1687983385314\",\"id\":59,\"beforeField\":\"\",\"afterField\":\"\",\"parentType\":\"firstname\",\"element_templates\":[\"firstname\",\"input\"],\"old_classname\":\"\",\"wrap_template\":\"wrap\"},{\"objectType\":\"Field\",\"objectDomain\":\"fields\",\"editActive\":false,\"order\":2,\"idAttribute\":\"id\",\"label\":\"E-mailov\\u00e1 adresa: \",\"type\":\"email\",\"key\":\"e-mailova_adresa_1688130762214\",\"label_pos\":\"above\",\"required\":1,\"default\":\"\",\"placeholder\":\"\",\"container_class\":\"\",\"element_class\":\"\",\"admin_label\":\"\",\"help_text\":\"\",\"custom_name_attribute\":\"email\",\"personally_identifiable\":1,\"value\":\"\",\"field_label\":\"Email\",\"field_key\":\"email_1687983306343\",\"id\":60,\"beforeField\":\"\",\"afterField\":\"\",\"parentType\":\"email\",\"element_templates\":[\"email\",\"input\"],\"old_classname\":\"\",\"wrap_template\":\"wrap\"},{\"objectType\":\"Field\",\"objectDomain\":\"fields\",\"editActive\":false,\"order\":3,\"idAttribute\":\"id\",\"label\":\"Mesto:\",\"type\":\"city\",\"key\":\"mesto_1688130902163\",\"label_pos\":\"above\",\"required\":1,\"default\":\"\",\"placeholder\":\"\",\"container_class\":\"\",\"element_class\":\"\",\"input_limit\":\"\",\"input_limit_type\":\"characters\",\"input_limit_msg\":\"Character(s) left\",\"manual_key\":\"\",\"admin_label\":\"\",\"help_text\":\"\",\"mask\":\"\",\"custom_mask\":\"\",\"custom_name_attribute\":\"city\",\"personally_identifiable\":\"\",\"value\":\"\",\"field_label\":\"City\",\"field_key\":\"city_1687983316617\",\"id\":61,\"beforeField\":\"\",\"afterField\":\"\",\"parentType\":\"city\",\"element_templates\":[\"city\",\"textbox\",\"input\"],\"old_classname\":\"\",\"wrap_template\":\"wrap\"},{\"objectType\":\"Field\",\"objectDomain\":\"fields\",\"editActive\":false,\"order\":4,\"idAttribute\":\"id\",\"label\":\"Telef\\u00f3nne \\u010d\\u00edslo:\",\"type\":\"phone\",\"key\":\"telefonne_cislo_1688130790902\",\"label_pos\":\"above\",\"required\":1,\"default\":\"\",\"placeholder\":\"\",\"container_class\":\"\",\"element_class\":\"\",\"input_limit\":\"\",\"input_limit_type\":\"characters\",\"input_limit_msg\":\"Character(s) left\",\"manual_key\":\"\",\"admin_label\":\"\",\"help_text\":\"\",\"mask\":\"\",\"custom_mask\":\"\",\"custom_name_attribute\":\"phone\",\"personally_identifiable\":1,\"value\":\"\",\"field_label\":\"Phone\",\"field_key\":\"phone_1687983323675\",\"id\":62,\"beforeField\":\"\",\"afterField\":\"\",\"parentType\":\"textbox\",\"element_templates\":[\"tel\",\"textbox\",\"input\"],\"old_classname\":\"\",\"wrap_template\":\"wrap\"},{\"objectType\":\"Field\",\"objectDomain\":\"fields\",\"editActive\":false,\"order\":5,\"idAttribute\":\"id\",\"label\":\"Spr\\u00e1va:\",\"type\":\"textarea\",\"key\":\"sprava_1688130907101\",\"label_pos\":\"above\",\"required\":1,\"default\":\"\",\"placeholder\":\"\",\"container_class\":\"\",\"element_class\":\"\",\"input_limit\":\"\",\"input_limit_type\":\"characters\",\"input_limit_msg\":\"Character(s) left\",\"manual_key\":\"\",\"admin_label\":\"\",\"help_text\":\"\",\"textarea_rte\":\"\",\"disable_rte_mobile\":\"\",\"textarea_media\":\"\",\"value\":\"\",\"drawerDisabled\":false,\"field_label\":\"Message\",\"field_key\":\"message_1687983458733\",\"id\":63,\"beforeField\":\"\",\"afterField\":\"\",\"parentType\":\"textarea\",\"element_templates\":[\"textarea\",\"input\"],\"old_classname\":\"\",\"wrap_template\":\"wrap\"},{\"objectType\":\"Field\",\"objectDomain\":\"fields\",\"editActive\":false,\"order\":6,\"idAttribute\":\"id\",\"label\":\"Pros\\u00edm, potvrdte Va\\u0161u toto\\u017enos\\u0165! *\",\"type\":\"recaptcha\",\"container_class\":\"\",\"element_class\":\"\",\"size\":\"visible\",\"key\":\"prosim_potvrdte_vasu_totoznost_1688130802405\",\"drawerDisabled\":\"\",\"field_label\":\"Please identify yourself *\",\"field_key\":\"please_identify_yourself_1688130243071\",\"id\":64,\"beforeField\":\"\",\"afterField\":\"\",\"value\":\"\",\"label_pos\":\"above\",\"parentType\":\"textbox\",\"element_templates\":[\"recaptcha\",\"input\"],\"old_classname\":\"\",\"wrap_template\":\"wrap\",\"site_key\":\"6LeGGtYZAAAAANWLjwWbiUezohZ_aasnlhyKTB8J\",\"theme\":\"light\",\"lang\":\"hu\"},{\"objectType\":\"Field\",\"objectDomain\":\"fields\",\"editActive\":false,\"order\":9999,\"idAttribute\":\"id\",\"type\":\"submit\",\"label\":\"Odosla\\u0165 spr\\u00e1vu\",\"processing_label\":\"Prebieha...\",\"container_class\":\"\",\"element_class\":\"\",\"key\":\"odoslat_spravu_1688130851734\",\"drawerDisabled\":\"\",\"field_label\":\"Submit\",\"field_key\":\"submit_1687983486753\",\"id\":65,\"beforeField\":\"\",\"afterField\":\"\",\"value\":\"\",\"label_pos\":\"above\",\"parentType\":\"textbox\",\"element_templates\":[\"submit\",\"button\",\"input\"],\"old_classname\":\"\",\"wrap_template\":\"wrap-no-label\"}];nfForms.push(form);<\/script>\n        <\/td>\n<\/tr>\n<\/tbody>\n<\/table>\n<p>[\/vc_column_text][\/vc_column][\/vc_row]<\/p>\n","protected":false},"excerpt":{"rendered":"<p>[vc_row css=&#8220;.vc_custom_1592484763273{margin-top: -80px !important;}&#8220;][vc_column][vc_column_text] KONTAKT [\/vc_column_text][vc_separator color=&#8220;orange&#8220; style=&#8220;shadow&#8220; border_width=&#8220;2&#8243;][vc_column_text] HR\/Call center +36 30\u00a0158 1428 hr@tqlservice.eu [\/vc_column_text][vc_separator color=&#8220;orange&#8220; style=&#8220;shadow&#8220; border_width=&#8220;2&#8243;][\/vc_column][\/vc_row][vc_row][vc_column width=&#8220;1\/2&#8243;][vc_column_text] Prev\u00e1dzkov\u00fd mana\u017e\u00e9r: Zsolt Domonkos \u2706\u00a0+421 918 529 119 \u2709 zsolt.domonkos@tqlservice.eu [\/vc_column_text][\/vc_column][vc_column width=&#8220;1\/2&#8243;][vc_column_text] Predaja: Lilla G\u00e1l \u2706 +36-70\/607 7104 \u2709 l.gal@tqlservice.eu [\/vc_column_text][\/vc_column][\/vc_row][vc_row disable_element=&#8220;yes&#8220;][vc_column width=&#8220;1\/3&#8243;][\/vc_column][vc_column width=&#8220;1\/3&#8243;][\/vc_column][vc_column width=&#8220;1\/3&#8243;][vc_column_text]Riadite\u013e predaja: Somogyi Bal\u00e1zs \u2706 +36-70\/613-6087 \u2709 balazs.somogyi@tqlservice.eu [\/vc_column_text][\/vc_column][\/vc_row][vc_row disable_element=&#8220;yes&#8220;][vc_column][vc_column_text] Mana\u017e\u00e9r [&hellip;]<\/p>\n","protected":false},"author":1,"featured_media":0,"parent":0,"menu_order":0,"comment_status":"closed","ping_status":"closed","template":"","meta":{"_exactmetrics_skip_tracking":false,"_exactmetrics_sitenote_active":false,"_exactmetrics_sitenote_note":"","_exactmetrics_sitenote_category":0,"footnotes":""},"class_list":["post-457","page","type-page","status-publish","hentry"],"_links":{"self":[{"href":"https:\/\/tqlservice.eu\/sk\/wp-json\/wp\/v2\/pages\/457","targetHints":{"allow":["GET"]}}],"collection":[{"href":"https:\/\/tqlservice.eu\/sk\/wp-json\/wp\/v2\/pages"}],"about":[{"href":"https:\/\/tqlservice.eu\/sk\/wp-json\/wp\/v2\/types\/page"}],"author":[{"embeddable":true,"href":"https:\/\/tqlservice.eu\/sk\/wp-json\/wp\/v2\/users\/1"}],"replies":[{"embeddable":true,"href":"https:\/\/tqlservice.eu\/sk\/wp-json\/wp\/v2\/comments?post=457"}],"version-history":[{"count":16,"href":"https:\/\/tqlservice.eu\/sk\/wp-json\/wp\/v2\/pages\/457\/revisions"}],"predecessor-version":[{"id":1089,"href":"https:\/\/tqlservice.eu\/sk\/wp-json\/wp\/v2\/pages\/457\/revisions\/1089"}],"wp:attachment":[{"href":"https:\/\/tqlservice.eu\/sk\/wp-json\/wp\/v2\/media?parent=457"}],"curies":[{"name":"wp","href":"https:\/\/api.w.org\/{rel}","templated":true}]}}