{"id":449,"date":"2021-09-29T15:59:52","date_gmt":"2021-09-29T13:59:52","guid":{"rendered":"https:\/\/tqlservice.eu\/?page_id=449"},"modified":"2023-07-10T11:23:55","modified_gmt":"2023-07-10T09:23:55","slug":"kariera","status":"publish","type":"page","link":"https:\/\/tqlservice.eu\/sk\/kariera\/","title":{"rendered":"Kari\u00e9ra"},"content":{"rendered":"<p>[vc_row css=&#8220;.vc_custom_1592484619273{margin-top: -80px !important;}&#8220;][vc_column][vc_column_text]<\/p>\n<h1 style=\"text-align: center;\">PRACOVN\u00c9 PR\u00cdLE\u017dITOSTI<\/h1>\n<p>[\/vc_column_text][vc_separator color=&#8220;orange&#8220; style=&#8220;shadow&#8220; border_width=&#8220;2&#8243;][\/vc_column][\/vc_row][vc_row][vc_column][vc_tta_tabs][vc_tta_section title=&#8220;Pros\u00edm, vyberte! \u27a1&#8220; tab_id=&#8220;1592469177711-bddeedcc-75e3&#8243;][vc_column_text]<\/p>\n<p style=\"text-align: center;\"><em>Zamestnanci TQL Service s\u00fa odhodlan\u00ed maxim\u00e1lne uspokoji\u0165 po\u017eiadavky z\u00e1kazn\u00edkov. Spolupracujeme v jednote so z\u00e1kazn\u00edkom, pre z\u00e1kazn\u00edka a navz\u00e1jom, aby sme plne uspokojili v\u0161etky potreby.<\/em><\/p>\n<p style=\"text-align: center;\"><span style=\"font-size: 14pt;\"><em>\u00a0<\/em><strong><em>Mo\u017eno, \u017ee pr\u00e1ve V\u00e1s h\u013ead\u00e1me!<\/em><\/strong><\/span><\/p>\n<p>[\/vc_column_text][\/vc_tta_section][vc_tta_section title=&#8220;Vodi\u010d vysokozdvi\u017en\u00e9ho voz\u00edka&#8220; tab_id=&#8220;1592469288378-5966ed1a-89dd&#8220;][vc_column_text]<span style=\"font-size: 18pt;\"><strong>Vodi\u010d vysokozdvi\u017en\u00e9ho voz\u00edka<\/strong><\/span>[\/vc_column_text][vc_row_inner][vc_column_inner width=&#8220;1\/2&#8243;][vc_column_text]<strong><em>N\u00e1pl\u0148 pr\u00e1ce: <\/em><\/strong><\/p>\n<p style=\"padding-left: 40px;\"><em>\u279f Manipul\u00e1cia s tovarom v skladovej oblasti<br \/>\n<\/em><em>\u279f Prijatie do skladu a vyskladnenie<br \/>\n\u279f <\/em><em>Vykon\u00e1vanie skladov\u00fdch \u00faloh a udr\u017eiavanie poriadku<\/em><\/p>\n<p><strong><em>Na\u0161e o\u010dak\u00e1vania oh\u013eadom obsadenia poz\u00edcie: <\/em><\/strong><\/p>\n<p style=\"padding-left: 40px;\"><em>\u279f Platn\u00fd vodi\u010dsk\u00fd preukaz na riadenie vysokozdvi\u017en\u00e9ho voz\u00edka<br \/>\n<\/em><em>\u279f S\u00fahlas s viaczmennou pracovnou prev\u00e1dzkou<br \/>\n<\/em><em>\u279f Zodpovedn\u00fd pr\u00edstup k pr\u00e1ci<br \/>\n\u279f <\/em><em>Spo\u013eahlivos\u0165<br \/>\n\u279f <\/em><em>Presn\u00e1, samostatn\u00e1 pr\u00e1ca<\/em><\/p>\n<p>[\/vc_column_text][\/vc_column_inner][vc_column_inner width=&#8220;1\/2&#8243;][vc_column_text]<strong><em>\u00a0<\/em><\/strong><strong><em>Pon\u00fakame: <\/em><\/strong><\/p>\n<p style=\"padding-left: 40px;\"><em>\u279f Stabiln\u00e1 a dlhodob\u00e1 pracovn\u00e1 pr\u00edle\u017eitos\u0165 v dynamicky sa rozv\u00edjaj\u00facej spolo\u010dnosti<br \/>\n<\/em><em>\u279f V\u00fdnimo\u010dn\u00e9 platobn\u00e9 podmienky<br \/>\n\u279f <\/em><em>Jednotn\u00fd vzh\u013ead<\/em><\/p>\n<p><em>\u00a0<\/em><strong><em>V\u00fdhodou je: <\/em><\/strong><\/p>\n<p style=\"padding-left: 40px;\"><em>\u279f Prax v oblasti vykon\u00e1vania v\u0161eobecn\u00fdch skladovac\u00edch \u00faloh s n\u00e1kladn\u00fdmi vozidlami s \u010delnou n\u00e1pravou, vysokozdvi\u017en\u00e9 voz\u00edky so sedadlo, kab\u00ednou pre vodi\u010da, n\u00edzkozdvi\u017en\u00e9 voz\u00edky, \u0165aha\u010de<br \/>\n<\/em><em>\u279f Vodi\u010dsk\u00fd preukaz a vlastn\u00e9 motorov\u00e9 vozidlo<\/em><\/p>\n<p>[\/vc_column_text][\/vc_column_inner][\/vc_row_inner][\/vc_tta_section][vc_tta_section title=&#8220;Vodi\u010d od\u0165ahov\u00e9ho vozidla&#8220; tab_id=&#8220;1592469289328-8365dc48-cde3&#8243;][vc_column_text]<span style=\"font-size: 18pt;\"><strong>Vodi\u010d od\u0165ahov\u00e9ho vozidla<\/strong><\/span>[\/vc_column_text][vc_row_inner][vc_column_inner width=&#8220;1\/2&#8243;][vc_column_text]<strong><em>N\u00e1pl\u0148 pr\u00e1ce: <\/em><\/strong><\/p>\n<p style=\"padding-left: 40px;\"><em>\u279f\u00a0 <\/em><em>Obsluha od\u0165ahov\u00e9ho vozidla,<br \/>\n\u279f\u00a0 <\/em><em>Sprac\u00favanie dokument\u00e1cie<\/em><\/p>\n<p><strong><em>Na\u0161e o\u010dak\u00e1vania oh\u013eadom obsadenia poz\u00edcie: <\/em><\/strong><\/p>\n<p style=\"padding-left: 40px;\"><em>\u279f Platn\u00fd vodi\u010dsk\u00fd preukaz na riadenie vysokozdvi\u017en\u00e9ho voz\u00edka<br \/>\n<\/em><em>\u279f S\u00fahlas s viaczmennou pracovnou prev\u00e1dzkou<br \/>\n<\/em><em>\u279f Zodpovedn\u00fd pr\u00edstup k pr\u00e1ci<br \/>\n\u279f <\/em><em>Spo\u013eahlivos\u0165<\/em><\/p>\n<p>[\/vc_column_text][\/vc_column_inner][vc_column_inner width=&#8220;1\/2&#8243;][vc_column_text]<strong><em>\u00a0<\/em><\/strong><strong><em>Pon\u00fakame: <\/em><\/strong><\/p>\n<p style=\"padding-left: 40px;\"><em>\u279f Dlhodob\u00e1 pr\u00e1ca<br \/>\n<\/em><em>\u279f V\u00fdnimo\u010dn\u00e9 platobn\u00e9 podmienky<br \/>\n\u279f <\/em><em>Jednotn\u00fd vzh\u013ead<br \/>\n\u279f Okam\u017eit\u00fd n\u00e1stup do pr\u00e1ce<br \/>\n<\/em><\/p>\n<p><em>\u00a0<\/em><strong><em>V\u00fdhodou je: <\/em><\/strong><\/p>\n<p style=\"padding-left: 40px;\"><em>\u279f Sk\u00fasenosti z\u00edskan\u00e9 v oblasti logistiky, prax v oblasti riadenia od\u0165ahov\u00e9ho vozidla<br \/>\n<\/em><em>\u279f Vodi\u010dsk\u00fd preukaz a vlastn\u00e9 motorov\u00e9 vozidlo<\/em><\/p>\n<p>[\/vc_column_text][\/vc_column_inner][\/vc_row_inner][\/vc_tta_section][vc_tta_section title=&#8220;Oper\u00e1tor na komisionovac\u00edch zariadeniach&#8220; tab_id=&#8220;1592469102938-2e859db7-4822&#8243;][vc_column_text]<span style=\"font-size: 18pt;\"><strong>Oper\u00e1tor komisionovac\u00edch zariaden\u00ed\/strong&gt;<\/strong><\/span>[\/vc_column_text][vc_row_inner][vc_column_inner width=&#8220;1\/2&#8243;][vc_column_text]<strong><em>N\u00e1pl\u0148 pr\u00e1ce: <\/em><\/strong><\/p>\n<p style=\"padding-left: 40px;\"><em>\u279f <\/em><em>Mont\u00e1\u017e r\u00f4znych s\u00fa\u010diastok<br \/>\n<\/em><em>\u279f Vizu\u00e1lna kontrola kvality<br \/>\n\u279f <\/em><em>Dodr\u017eiavanie predpisov t\u00fdkaj\u00facich sa kontroly kvality<br \/>\n\u279f <\/em><em>Udr\u017eiavanie \u010dist\u00e9ho pracovn\u00e9ho prostredia<\/em><\/p>\n<p><strong><em>Na\u0161e o\u010dak\u00e1vania oh\u013eadom obsadenia poz\u00edcie: <\/em><\/strong><\/p>\n<p style=\"padding-left: 40px;\"><em>\u279f <\/em><em>S\u00fahlas s viaczmennou pracovnou prev\u00e1dzkou<br \/>\n<\/em><em>\u279f Zodpovedn\u00fd pr\u00edstup k pr\u00e1ci<br \/>\n\u279f <\/em><em>Spo\u013eahlivos\u0165<br \/>\n\u279f <\/em><em>Z\u00e1klado\u0161kolsk\u00e9 vzdelanie<\/em><\/p>\n<p>[\/vc_column_text][\/vc_column_inner][vc_column_inner width=&#8220;1\/2&#8243;][vc_column_text]<strong><em>\u00a0<\/em><\/strong><strong><em>Pon\u00fakame: <\/em><\/strong><\/p>\n<p style=\"padding-left: 40px;\"><em>\u279f <\/em><em>Dlhodob\u00e1 pr\u00e1ca<br \/>\n\u279f <\/em><em>V\u00fdnimo\u010dn\u00e9 platobn\u00e9 podmienky<br \/>\n\u279f <\/em><em>Jednotn\u00fd vzh\u013ead<br \/>\n\u279f <\/em><em>Okam\u017eit\u00fd n\u00e1stup do pr\u00e1ce<br \/>\n\u279f <\/em><em>N\u00e1pomocn\u00ed kolegovia<br \/>\n\u279f <\/em><em>\u010cist\u00e9 pracovn\u00e9 prostredie<\/em><\/p>\n<p><em>\u00a0<\/em><strong><em>V\u00fdhodou je: <\/em><\/strong><\/p>\n<p style=\"padding-left: 40px;\"><em>\u279f <\/em><em>Prax z\u00edskan\u00e1 v podobnej oblasti (podobn\u00e1 pracovn\u00e1 n\u00e1pl\u0148)<br \/>\n<\/em><em>\u279f Vodi\u010dsk\u00fd preukaz a vlastn\u00e9 motorov\u00e9 vozidlo<\/em><\/p>\n<p>[\/vc_column_text][\/vc_column_inner][\/vc_row_inner][\/vc_tta_section][vc_tta_section title=&#8220;Oper\u00e1tora&#8220; tab_id=&#8220;1592469102922-a9eed4ab-fca4&#8243;][vc_column_text]<span style=\"font-size: 18pt;\"><strong>Ponuka pr\u00e1ce oper\u00e1tora<\/strong><\/span>[\/vc_column_text][vc_row_inner][vc_column_inner width=&#8220;1\/2&#8243;][vc_column_text]<strong><em>N\u00e1pl\u0148 pr\u00e1ce: <\/em><\/strong><\/p>\n<p style=\"padding-left: 40px;\"><em>\u279f Vykon\u00e1vanie \u0161pecifick\u00fdch mont\u00e1\u017enych \u00faloh na v\u00fdrobnej linke<\/em><em><br \/>\n<\/em><em>\u279f Umiest\u0148ovanie, vyberanie a kontrola dielov vo vstrekovac\u00edch lisoch<\/em><br \/>\n<em>\u279f Kontrola kvality produktov na z\u00e1klade chybov\u00fdch strojov uveden\u00fdch v pokynoch<\/em><\/p>\n<p><strong><em>Na\u0161e o\u010dak\u00e1vania oh\u013eadom obsadenia poz\u00edcie: <\/em><\/strong><\/p>\n<p style=\"padding-left: 40px;\"><em>\u279f <\/em><em>Zodpovedn\u00e1, r\u00fdchla a prec\u00edzna pr\u00e1ca<br \/>\n<\/em><em>\u279f Vysok\u00e1 miera nez\u00e1vislosti, t\u00edmov\u00e1 pr\u00e1ca<br \/>\n\u279f <\/em><em>\u013dahk\u00e1 fyzick\u00e1 z\u00e1\u0165a\u017e<\/em><\/p>\n<p>[\/vc_column_text][\/vc_column_inner][vc_column_inner width=&#8220;1\/2&#8243;][vc_column_text]<strong><em>\u00a0<\/em><\/strong><strong><em>Pon\u00fakame: <\/em><\/strong><\/p>\n<p style=\"padding-left: 40px;\"><em>\u279f <\/em><em>Dlhodob\u00e1 pr\u00e1ca<br \/>\n<\/em><em>\u279f V\u00fdnimo\u010dn\u00e9 platobn\u00e9 podmienky<br \/>\n\u279f <\/em><em>Podpora, vzdel\u00e1vac\u00ed proces<br \/>\n\u279f <\/em><em>Okam\u017eit\u00fd n\u00e1stup do pr\u00e1ce<br \/>\n\u279f <\/em><em>\u010cist\u00e9 pracovn\u00e9 prostredie<\/em><\/p>\n<p><em>\u00a0<\/em><strong><em>V\u00fdhodou je: <\/em><\/strong><\/p>\n<p style=\"padding-left: 40px;\"><em>\u279f Prax z\u00edskan\u00e1 v podobnej oblasti (podobn\u00e1 pracovn\u00e1 n\u00e1pl\u0148)<br \/>\n<\/em><em>\u279f Vodi\u010dsk\u00fd preukaz a vlastn\u00e9 motorov\u00e9 vozidlo<\/em><\/p>\n<p>[\/vc_column_text][\/vc_column_inner][\/vc_row_inner][\/vc_tta_section][vc_tta_section title=&#8220;Nastavova\u010d strojov, oper\u00e1tor stroja&#8220; tab_id=&#8220;1592469290071-dc1b3b44-2326&#8243;][vc_column_text]<span style=\"font-size: 18pt;\"><strong>Nastavova\u010d strojov, oper\u00e1tor stroja<\/strong><\/span>[\/vc_column_text][vc_row_inner][vc_column_inner width=&#8220;1\/2&#8243;][vc_column_text]<strong><em>N\u00e1pl\u0148 pr\u00e1ce: <\/em><\/strong><\/p>\n<p style=\"padding-left: 40px;\"><em>\u279f <\/em><em>Obsluha a \u00faprava vstrekovac\u00edch lisov na plasty<br \/>\n\u279f <\/em><em>Zabezpe\u010denie bezprobl\u00e9movej prev\u00e1dzky v\u00fdrobn\u00fdch strojov<br \/>\n\u279f <\/em><em>Pl\u00e1novan\u00e1 kontrola a \u00fadr\u017eba strojov a odstr\u00e1nenie ak\u00fdchko\u013evek por\u00fach<\/em><\/p>\n<p><strong><em>Na\u0161e o\u010dak\u00e1vania oh\u013eadom obsadenia poz\u00edcie: <\/em><\/strong><\/p>\n<p style=\"padding-left: 40px;\"><em>\u279f <\/em><em>Stredo\u0161kolsk\u00e9 vzdelanie<br \/>\n<\/em><em>\u279f Samostatn\u00e1 pr\u00e1ca, spo\u013eahlivos\u0165<br \/>\n\u279f <\/em><em>Pracovn\u00e1 discipl\u00edna, presnos\u0165<\/em><\/p>\n<p>[\/vc_column_text][\/vc_column_inner][vc_column_inner width=&#8220;1\/2&#8243;][vc_column_text]<strong><em>\u00a0<\/em><\/strong><strong><em>Pon\u00fakame: <\/em><\/strong><\/p>\n<p style=\"padding-left: 40px;\"><em>\u279f <\/em><em>Dlhodob\u00e1 pr\u00e1ca<br \/>\n\u279f <\/em><em>V\u00fdnimo\u010dn\u00e9 platobn\u00e9 podmienky<br \/>\n\u279f <\/em><em>Modern\u00e9 pracovn\u00e9 prostredie<br \/>\n\u279f <\/em><em>Okam\u017eit\u00fd n\u00e1stup do pr\u00e1ce<\/em><\/p>\n<p><em>\u00a0<\/em><strong><em>V\u00fdhodou je: <\/em><\/strong><\/p>\n<p style=\"padding-left: 40px;\"><em>\u279f Prax z\u00edskan\u00e1 v podobnej oblasti (podobn\u00e1 pracovn\u00e1 n\u00e1pl\u0148)<br \/>\n<\/em><em>\u279f Vodi\u010dsk\u00fd preukaz a vlastn\u00e9 motorov\u00e9 vozidlo<\/em><\/p>\n<p>[\/vc_column_text][\/vc_column_inner][\/vc_row_inner][\/vc_tta_section][vc_tta_section title=&#8220;Ponuka pr\u00e1ce kontrol\u00f3r kvality&#8220; tab_id=&#8220;1623147615962-882ac688-183b&#8220;][vc_column_text]<span style=\"font-size: 18pt;\"><strong>Poz\u00edcia kontrol\u00f3r kvality<\/strong><\/span>[\/vc_column_text][vc_row_inner][vc_column_inner width=&#8220;1\/2&#8243;][vc_column_text]<em><b>N\u00e1pl\u0148 pr\u00e1ce:<\/b><\/em><u><\/u><u><\/u><\/p>\n<p><em>\u279f<\/em><em>\u00a0<\/em><i> Kontrola plastov\u00fdch v\u00fdrobkov vstrekovac\u00edch lisov v troch smen\u00e1ch<\/i><em><br \/>\n<u><\/u><u><\/u><\/em><em>\u279f<\/em><em>\u00a0<\/em><i> Kontrola rozmerov produktov na z\u00e1klade technick\u00fdch v\u00fdkresov pomocou posuvn\u00e9ho meradla, mikrometra, kolorimetra<br \/>\n<u><\/u><u><\/u><\/i><em>\u279f<\/em><em> Dokument\u00e1cia chybn\u00fdch v\u00fdrobkov<\/em><\/p>\n<p><em><b>O\u010dak\u00e1vania k n\u00e1plni pr\u00e1ce:<\/b><\/em><u><\/u><u><\/u><\/p>\n<p><em>\u279f<\/em><em> Maturita<\/em><i><br \/>\n<\/i><em>\u279f<\/em><em> S<\/em><em>amostatnos\u0165, d\u00f4verihodnos\u0165<\/em><i><br \/>\n<\/i><em>\u279f<\/em><em> Disciplinovanos\u0165, presnos\u0165<\/em><em><br \/>\n<u><\/u><u><\/u><\/em><em>\u279f<\/em><em> Z\u00e1kladn\u00e9 znalosti PC (MS Office, Outlook, Excel)<\/em>[\/vc_column_text][\/vc_column_inner][vc_column_inner width=&#8220;1\/2&#8243;][vc_column_text]<em><b>\u010co pon\u00fakame:<\/b><\/em><u><\/u><\/p>\n<p><em>\u279f<\/em><em> Dlhodob\u00e9 zamestnanie<\/em><i><br \/>\n<\/i><em>\u279f<\/em><em> V<\/em><em>ynikaj\u00face mzdov\u00e9 podmienky<\/em><i><br \/>\n<\/i><em>\u279f \u010dist\u00e9 pracovn\u00e9 prostredie<\/em><i><br \/>\n<\/i><em>\u279f<\/em><em> Mo\u017enos\u0165 n\u00e1stupu ihne\u010f<\/em><u><\/u><\/p>\n<p><em><b>V\u00fdhodami m\u00f4\u017eu by\u0165:<\/b><\/em><u><\/u><u><\/u><\/p>\n<p><em>\u279f<\/em><em> Prax<\/em><i><br \/>\n<\/i><em>\u279f<\/em><em> Vodi\u010dsk\u00fd preukaz a vlastn\u00fd automobil<\/em>[\/vc_column_text][\/vc_column_inner][\/vc_row_inner][\/vc_tta_section][\/vc_tta_tabs][vc_separator color=&#8220;orange&#8220; style=&#8220;shadow&#8220; border_width=&#8220;2&#8243;][\/vc_column][\/vc_row][vc_row css=&#8220;.vc_custom_1593005799888{border-top-width: 5px !important;border-right-width: 5px !important;border-bottom-width: 2px !important;border-left-width: 5px !important;background-color: #fef6eb !important;border-left-color: #dd8500 !important;border-left-style: tele !important;border-right-color: #dd8500 !important;border-right-style: tele !important;border-top-color: #dd8500 !important;border-top-style: tele !important;border-bottom-color: #dd8500 !important;border-bottom-style: tele !important;border-radius: 5px !important;}&#8220;][vc_column][vc_column_text]<strong><em>Prihl\u00e1\u0161ka: <\/em><\/strong><\/p>\n<p><em>Ak V\u00e1s na\u0161a reklama zaujala, vypl\u0148te pros\u00edm ni\u017e\u0161ie uveden\u00fd formul\u00e1r alebo odo\u0161lite svoj \u017eivotopis s fotografiou na adresu <\/em><a href=\"mailto:hr@tqlservice.eu\"><em>hr@tqlservice.eu<\/em><\/a><\/p>\n<p style=\"text-align: center;\"><strong style=\"text-align: center;\"><span style=\"font-size: 14pt;\"><em>\u00a0<\/em><em>Bli\u017e\u0161ie inform\u00e1cie na tel. \u010d\u00edsle:<a href=\"tel:0036709431627\">+36-70\/943-1627<\/a><\/em><\/span><\/strong><\/p>\n<p style=\"text-align: center;\">Vypl\u0148te pros\u00edm formul\u00e1r, ak sa chcete uch\u00e1dza\u0165 o pr\u00e1cu:<\/p>\n<p><script async src='https:\/\/r3.minicrm.hu\/api\/loader.js?52869-107j91s47313s1qh84ln0sbicjsjbh'><\/script><\/p>\n<p>[\/vc_column_text][\/vc_column][\/vc_row]<\/p>\n","protected":false},"excerpt":{"rendered":"<p>[vc_row css=&#8220;.vc_custom_1592484619273{margin-top: -80px !important;}&#8220;][vc_column][vc_column_text] PRACOVN\u00c9 PR\u00cdLE\u017dITOSTI [\/vc_column_text][vc_separator color=&#8220;orange&#8220; style=&#8220;shadow&#8220; border_width=&#8220;2&#8243;][\/vc_column][\/vc_row][vc_row][vc_column][vc_tta_tabs][vc_tta_section title=&#8220;Pros\u00edm, vyberte! \u27a1&#8220; tab_id=&#8220;1592469177711-bddeedcc-75e3&#8243;][vc_column_text] Zamestnanci TQL Service s\u00fa odhodlan\u00ed maxim\u00e1lne uspokoji\u0165 po\u017eiadavky z\u00e1kazn\u00edkov. Spolupracujeme v jednote so z\u00e1kazn\u00edkom, pre z\u00e1kazn\u00edka a navz\u00e1jom, aby sme plne uspokojili v\u0161etky potreby. \u00a0Mo\u017eno, \u017ee pr\u00e1ve V\u00e1s h\u013ead\u00e1me! [\/vc_column_text][\/vc_tta_section][vc_tta_section title=&#8220;Vodi\u010d vysokozdvi\u017en\u00e9ho voz\u00edka&#8220; tab_id=&#8220;1592469288378-5966ed1a-89dd&#8220;][vc_column_text]Vodi\u010d vysokozdvi\u017en\u00e9ho voz\u00edka[\/vc_column_text][vc_row_inner][vc_column_inner width=&#8220;1\/2&#8243;][vc_column_text]N\u00e1pl\u0148 pr\u00e1ce: \u279f Manipul\u00e1cia s [&hellip;]<\/p>\n","protected":false},"author":1,"featured_media":0,"parent":0,"menu_order":0,"comment_status":"closed","ping_status":"closed","template":"","meta":{"_exactmetrics_skip_tracking":false,"_exactmetrics_sitenote_active":false,"_exactmetrics_sitenote_note":"","_exactmetrics_sitenote_category":0,"footnotes":""},"class_list":["post-449","page","type-page","status-publish","hentry"],"_links":{"self":[{"href":"https:\/\/tqlservice.eu\/sk\/wp-json\/wp\/v2\/pages\/449","targetHints":{"allow":["GET"]}}],"collection":[{"href":"https:\/\/tqlservice.eu\/sk\/wp-json\/wp\/v2\/pages"}],"about":[{"href":"https:\/\/tqlservice.eu\/sk\/wp-json\/wp\/v2\/types\/page"}],"author":[{"embeddable":true,"href":"https:\/\/tqlservice.eu\/sk\/wp-json\/wp\/v2\/users\/1"}],"replies":[{"embeddable":true,"href":"https:\/\/tqlservice.eu\/sk\/wp-json\/wp\/v2\/comments?post=449"}],"version-history":[{"count":9,"href":"https:\/\/tqlservice.eu\/sk\/wp-json\/wp\/v2\/pages\/449\/revisions"}],"predecessor-version":[{"id":970,"href":"https:\/\/tqlservice.eu\/sk\/wp-json\/wp\/v2\/pages\/449\/revisions\/970"}],"wp:attachment":[{"href":"https:\/\/tqlservice.eu\/sk\/wp-json\/wp\/v2\/media?parent=449"}],"curies":[{"name":"wp","href":"https:\/\/api.w.org\/{rel}","templated":true}]}}