{"id":442,"date":"2021-09-29T15:26:17","date_gmt":"2021-09-29T13:26:17","guid":{"rendered":"https:\/\/tqlservice.eu\/?page_id=442"},"modified":"2021-09-29T15:26:17","modified_gmt":"2021-09-29T13:26:17","slug":"technicke-poradenstvo","status":"publish","type":"page","link":"https:\/\/tqlservice.eu\/sk\/sluzby\/technicke-poradenstvo\/","title":{"rendered":"Technick\u00e9 poradenstvo"},"content":{"rendered":"<p>[vc_row css=&#8220;.vc_custom_1592487767334{margin-top: -80px !important;}&#8220;][vc_column][vc_column_text]<\/p>\n<h1 style=\"text-align: left;\">Technick\u00e9 poradenstvo<\/h1>\n<p>[\/vc_column_text][vc_separator color=&#8220;orange&#8220; style=&#8220;shadow&#8220; border_width=&#8220;2&#8243;][vc_column_text]<\/p>\n<p style=\"padding-left: 40px;\"><span style=\"font-weight: 400;\">\u279f Podpora in\u0161tal\u00e1cie a premiestnenia tov\u00e1rne, v\u00fdrobnej linky v celej E\u00da<\/span><\/p>\n<p style=\"padding-left: 40px;\"><span style=\"font-weight: 400;\">\u279f \u00dadr\u017eba priemyseln\u00fdch v\u00fdrobn\u00fdch zariaden\u00ed<\/span><\/p>\n<p style=\"padding-left: 40px;\"><span style=\"font-weight: 400;\">\u279f In\u0161tal\u00e1cia \u0165a\u017ek\u00fdch strojov, podpora pohybu<\/span><\/p>\n<p style=\"padding-left: 40px;\"><span style=\"font-weight: 400;\">\u279f Prisp\u00f4sobenie priemyseln\u00fdch energetick\u00fdch syst\u00e9mov in\u0161tal\u00e1cii<\/span><\/p>\n<p style=\"padding-left: 40px;\"><span style=\"font-weight: 400;\">\u279f Tov\u00e1re\u0148, presun v\u00fdrobnej linky<\/span><\/p>\n<p style=\"padding-left: 40px;\"><span style=\"font-weight: 400;\">\u279f Pl\u00e1novan\u00e1 \u00fadr\u017eba strojov pod\u013ea vopred dohodnut\u00e9ho pl\u00e1nu (obsah a \u010das)<\/span><\/p>\n<p style=\"padding-left: 40px;\"><span style=\"font-weight: 400;\">\u279f Vykon\u00e1vanie \u00fadr\u017ebov\u00fdch \u00faloh ad hoc<\/span><\/p>\n<p>[\/vc_column_text][vc_column_text]<img loading=\"lazy\" decoding=\"async\" class=\"aligncenter wp-image-275\" src=\"https:\/\/tqlservice.eu\/wp-content\/uploads\/2020\/06\/tqlservice-eu-szolgaltatas-gyor-muszaki-tanacasdas-300x200.jpg\" alt=\"\" width=\"500\" height=\"333\" srcset=\"https:\/\/tqlservice.eu\/wp-content\/uploads\/2020\/06\/tqlservice-eu-szolgaltatas-gyor-muszaki-tanacasdas-300x200.jpg 300w, https:\/\/tqlservice.eu\/wp-content\/uploads\/2020\/06\/tqlservice-eu-szolgaltatas-gyor-muszaki-tanacasdas-1024x683.jpg 1024w, https:\/\/tqlservice.eu\/wp-content\/uploads\/2020\/06\/tqlservice-eu-szolgaltatas-gyor-muszaki-tanacasdas-768x512.jpg 768w, https:\/\/tqlservice.eu\/wp-content\/uploads\/2020\/06\/tqlservice-eu-szolgaltatas-gyor-muszaki-tanacasdas.jpg 1200w\" sizes=\"auto, (max-width: 500px) 100vw, 500px\" \/>[\/vc_column_text][\/vc_column][\/vc_row]<\/p>\n","protected":false},"excerpt":{"rendered":"<p>[vc_row css=&#8220;.vc_custom_1592487767334{margin-top: -80px !important;}&#8220;][vc_column][vc_column_text] Technick\u00e9 poradenstvo [\/vc_column_text][vc_separator color=&#8220;orange&#8220; style=&#8220;shadow&#8220; border_width=&#8220;2&#8243;][vc_column_text] \u279f Podpora in\u0161tal\u00e1cie a premiestnenia tov\u00e1rne, v\u00fdrobnej linky v celej E\u00da \u279f \u00dadr\u017eba priemyseln\u00fdch v\u00fdrobn\u00fdch zariaden\u00ed \u279f In\u0161tal\u00e1cia \u0165a\u017ek\u00fdch strojov, podpora pohybu \u279f Prisp\u00f4sobenie priemyseln\u00fdch energetick\u00fdch syst\u00e9mov in\u0161tal\u00e1cii \u279f Tov\u00e1re\u0148, presun v\u00fdrobnej linky \u279f Pl\u00e1novan\u00e1 \u00fadr\u017eba strojov pod\u013ea vopred dohodnut\u00e9ho pl\u00e1nu (obsah a \u010das) \u279f [&hellip;]<\/p>\n","protected":false},"author":1,"featured_media":0,"parent":399,"menu_order":0,"comment_status":"closed","ping_status":"closed","template":"","meta":{"_exactmetrics_skip_tracking":false,"_exactmetrics_sitenote_active":false,"_exactmetrics_sitenote_note":"","_exactmetrics_sitenote_category":0,"footnotes":""},"class_list":["post-442","page","type-page","status-publish","hentry"],"_links":{"self":[{"href":"https:\/\/tqlservice.eu\/sk\/wp-json\/wp\/v2\/pages\/442","targetHints":{"allow":["GET"]}}],"collection":[{"href":"https:\/\/tqlservice.eu\/sk\/wp-json\/wp\/v2\/pages"}],"about":[{"href":"https:\/\/tqlservice.eu\/sk\/wp-json\/wp\/v2\/types\/page"}],"author":[{"embeddable":true,"href":"https:\/\/tqlservice.eu\/sk\/wp-json\/wp\/v2\/users\/1"}],"replies":[{"embeddable":true,"href":"https:\/\/tqlservice.eu\/sk\/wp-json\/wp\/v2\/comments?post=442"}],"version-history":[{"count":2,"href":"https:\/\/tqlservice.eu\/sk\/wp-json\/wp\/v2\/pages\/442\/revisions"}],"predecessor-version":[{"id":445,"href":"https:\/\/tqlservice.eu\/sk\/wp-json\/wp\/v2\/pages\/442\/revisions\/445"}],"up":[{"embeddable":true,"href":"https:\/\/tqlservice.eu\/sk\/wp-json\/wp\/v2\/pages\/399"}],"wp:attachment":[{"href":"https:\/\/tqlservice.eu\/sk\/wp-json\/wp\/v2\/media?parent=442"}],"curies":[{"name":"wp","href":"https:\/\/api.w.org\/{rel}","templated":true}]}}