{"id":432,"date":"2021-09-29T15:23:18","date_gmt":"2021-09-29T13:23:18","guid":{"rendered":"https:\/\/tqlservice.eu\/?page_id=432"},"modified":"2021-09-29T15:23:18","modified_gmt":"2021-09-29T13:23:18","slug":"postprodukcia","status":"publish","type":"page","link":"https:\/\/tqlservice.eu\/sk\/sluzby\/postprodukcia\/","title":{"rendered":"Postprodukcia"},"content":{"rendered":"<p>[vc_row css=&#8220;.vc_custom_1592487886751{margin-top: -80px !important;}&#8220;][vc_column][vc_column_text]<\/p>\n<h1 style=\"text-align: left;\">Postprodukcia<\/h1>\n<p>[\/vc_column_text][vc_separator color=&#8220;orange&#8220; style=&#8220;shadow&#8220; border_width=&#8220;2&#8243;][\/vc_column][\/vc_row][vc_row][vc_column][vc_column_text]<\/p>\n<p style=\"padding-left: 40px;\"><span style=\"font-size: 12pt;\"><span style=\"font-weight: 400;\">\u279f Zosil\u0148ovanie<br \/>\n\u279f\u00a0<\/span><span style=\"font-weight: 400;\">Odstra\u0148ovanie hrdze, \u010distenie<br \/>\n\u279f\u00a0<\/span><span style=\"font-weight: 400;\">Kalibr\u00e1cia pod\u013ea ve\u013ekosti<br \/>\n\u279f\u00a0<\/span><span style=\"font-weight: 400;\">Preba\u013eovanie<\/span><\/span><\/p>\n<p><span style=\"font-weight: 400; font-size: 12pt;\">Re objedn\u00e1vate\u013ea vykon\u00e1vame spracovanie, opravu a \u00fapravu nevyhovuj\u00facich v\u00fdrobkov pod\u013ea ve\u013ekosti v \u0161pecifik\u00e1cii. Zaober\u00e1me sa naj\u010dastej\u0161\u00edmi chybami dod\u00e1vate\u013eov v plastovom a kovovom priemysle vr\u00e1tane odstr\u00e1nenia rozde\u013eovacej plochy alebo obrobkovej linky pomocou manu\u00e1lnych, strojov\u00fdch n\u00e1strojov.<\/span><\/p>\n<p><span style=\"font-weight: 400; font-size: 12pt;\">V pr\u00edpade vzniku hrdze na povrchu sa zaober\u00e1me \u010disten\u00edm a odstra\u0148ovan\u00edm \u010dast\u00ed. V pr\u00edpade po\u0161kodenia balenia na\u0161i pracovn\u00edci kontroluj\u00fa, op\u00e4tovne balia a ozna\u010duj\u00fa v\u00fdrobky.<\/span>[\/vc_column_text][vc_column_text]<img loading=\"lazy\" decoding=\"async\" class=\"aligncenter wp-image-270\" src=\"https:\/\/tqlservice.eu\/wp-content\/uploads\/2020\/06\/tqlservice-eu-szolgaltatas-gyor-utomunka-300x200.jpg\" alt=\"\" width=\"500\" height=\"334\" srcset=\"https:\/\/tqlservice.eu\/wp-content\/uploads\/2020\/06\/tqlservice-eu-szolgaltatas-gyor-utomunka-300x200.jpg 300w, https:\/\/tqlservice.eu\/wp-content\/uploads\/2020\/06\/tqlservice-eu-szolgaltatas-gyor-utomunka-768x513.jpg 768w, https:\/\/tqlservice.eu\/wp-content\/uploads\/2020\/06\/tqlservice-eu-szolgaltatas-gyor-utomunka.jpg 1000w\" sizes=\"auto, (max-width: 500px) 100vw, 500px\" \/>[\/vc_column_text][\/vc_column][\/vc_row]<\/p>\n","protected":false},"excerpt":{"rendered":"<p>[vc_row css=&#8220;.vc_custom_1592487886751{margin-top: -80px !important;}&#8220;][vc_column][vc_column_text] Postprodukcia [\/vc_column_text][vc_separator color=&#8220;orange&#8220; style=&#8220;shadow&#8220; border_width=&#8220;2&#8243;][\/vc_column][\/vc_row][vc_row][vc_column][vc_column_text] \u279f Zosil\u0148ovanie \u279f\u00a0Odstra\u0148ovanie hrdze, \u010distenie \u279f\u00a0Kalibr\u00e1cia pod\u013ea ve\u013ekosti \u279f\u00a0Preba\u013eovanie Re objedn\u00e1vate\u013ea vykon\u00e1vame spracovanie, opravu a \u00fapravu nevyhovuj\u00facich v\u00fdrobkov pod\u013ea ve\u013ekosti v \u0161pecifik\u00e1cii. Zaober\u00e1me sa naj\u010dastej\u0161\u00edmi chybami dod\u00e1vate\u013eov v plastovom a kovovom priemysle vr\u00e1tane odstr\u00e1nenia rozde\u013eovacej plochy alebo obrobkovej linky pomocou manu\u00e1lnych, strojov\u00fdch n\u00e1strojov. V pr\u00edpade vzniku [&hellip;]<\/p>\n","protected":false},"author":1,"featured_media":0,"parent":399,"menu_order":0,"comment_status":"closed","ping_status":"closed","template":"","meta":{"_exactmetrics_skip_tracking":false,"_exactmetrics_sitenote_active":false,"_exactmetrics_sitenote_note":"","_exactmetrics_sitenote_category":0,"footnotes":""},"class_list":["post-432","page","type-page","status-publish","hentry"],"_links":{"self":[{"href":"https:\/\/tqlservice.eu\/sk\/wp-json\/wp\/v2\/pages\/432","targetHints":{"allow":["GET"]}}],"collection":[{"href":"https:\/\/tqlservice.eu\/sk\/wp-json\/wp\/v2\/pages"}],"about":[{"href":"https:\/\/tqlservice.eu\/sk\/wp-json\/wp\/v2\/types\/page"}],"author":[{"embeddable":true,"href":"https:\/\/tqlservice.eu\/sk\/wp-json\/wp\/v2\/users\/1"}],"replies":[{"embeddable":true,"href":"https:\/\/tqlservice.eu\/sk\/wp-json\/wp\/v2\/comments?post=432"}],"version-history":[{"count":3,"href":"https:\/\/tqlservice.eu\/sk\/wp-json\/wp\/v2\/pages\/432\/revisions"}],"predecessor-version":[{"id":436,"href":"https:\/\/tqlservice.eu\/sk\/wp-json\/wp\/v2\/pages\/432\/revisions\/436"}],"up":[{"embeddable":true,"href":"https:\/\/tqlservice.eu\/sk\/wp-json\/wp\/v2\/pages\/399"}],"wp:attachment":[{"href":"https:\/\/tqlservice.eu\/sk\/wp-json\/wp\/v2\/media?parent=432"}],"curies":[{"name":"wp","href":"https:\/\/api.w.org\/{rel}","templated":true}]}}