{"id":428,"date":"2021-09-29T15:21:17","date_gmt":"2021-09-29T13:21:17","guid":{"rendered":"https:\/\/tqlservice.eu\/?page_id=428"},"modified":"2021-09-29T15:21:17","modified_gmt":"2021-09-29T13:21:17","slug":"navrh-vyroba-meranie","status":"publish","type":"page","link":"https:\/\/tqlservice.eu\/sk\/sluzby\/navrh-vyroba-meranie\/","title":{"rendered":"N\u00e1vrh, v\u00fdroba, meranie"},"content":{"rendered":"<p>[vc_row css=&#8220;.vc_custom_1592487868523{margin-top: -80px !important;}&#8220;][vc_column][vc_column_text]<\/p>\n<h1 style=\"text-align: left;\">N\u00c1VRH, V\u00ddROBA, MERANIE<\/h1>\n<p>[\/vc_column_text][vc_separator color=&#8220;orange&#8220; style=&#8220;shadow&#8220; border_width=&#8220;2&#8243;][\/vc_column][\/vc_row][vc_row][vc_column][vc_column_text]<\/p>\n<p style=\"padding-left: 40px;\"><span style=\"font-size: 12pt;\"><span style=\"font-weight: 400;\">\u279f\u00a0N\u00e1vrh a v\u00fdroba riadiacich a v\u00fdrobn\u00fdch zariaden\u00ed, meradiel<br \/>\n\u279f\u00a0<\/span><span style=\"font-weight: 400;\">Meranie, kalibr\u00e1cia a ro\u010dn\u00e1 kontrola zariaden\u00ed<br \/>\n\u279f\u00a0<\/span><span style=\"font-weight: 400;\">Mo\u017enos\u0165 exponovan\u00e9ho merania pomocou 3D meracieho r\u00e1mu<\/span><\/span><\/p>\n<p><span style=\"font-weight: 400; font-size: 12pt;\">Pre na\u0161ich partnerov vykon\u00e1vame projektovanie a v\u00fdrobu v\u00fdrobn\u00fdch liniek, ako aj \u010dasov\u00fdch pr\u00edstrojov, merac\u00edch pr\u00edstrojov.\u00a0<\/span><\/p>\n<p><span style=\"font-weight: 400; font-size: 12pt;\">Pomocou n\u00e1\u0161ho zariadenia na 3D meranie je mo\u017en\u00e9 realizova\u0165 meranie n\u00e1strojov, v\u00fdrobn\u00fdch prvkov, pr\u00edstrojov, ro\u010dn\u00e9 kontroln\u00e9 meranie v priestoroch z\u00e1kazn\u00edka.<\/span>[\/vc_column_text][\/vc_column][\/vc_row][vc_row][vc_column][vc_column_text]<img loading=\"lazy\" decoding=\"async\" class=\"aligncenter wp-image-273\" src=\"https:\/\/tqlservice.eu\/wp-content\/uploads\/2020\/06\/tqlservice-eu-szolgaltatas-gyor-tervezes-gyartas-meres-300x193.jpg\" alt=\"\" width=\"500\" height=\"322\" srcset=\"https:\/\/tqlservice.eu\/wp-content\/uploads\/2020\/06\/tqlservice-eu-szolgaltatas-gyor-tervezes-gyartas-meres-300x193.jpg 300w, https:\/\/tqlservice.eu\/wp-content\/uploads\/2020\/06\/tqlservice-eu-szolgaltatas-gyor-tervezes-gyartas-meres-1024x660.jpg 1024w, https:\/\/tqlservice.eu\/wp-content\/uploads\/2020\/06\/tqlservice-eu-szolgaltatas-gyor-tervezes-gyartas-meres-768x495.jpg 768w, https:\/\/tqlservice.eu\/wp-content\/uploads\/2020\/06\/tqlservice-eu-szolgaltatas-gyor-tervezes-gyartas-meres.jpg 1241w\" sizes=\"auto, (max-width: 500px) 100vw, 500px\" \/>[\/vc_column_text][\/vc_column][\/vc_row]<\/p>\n","protected":false},"excerpt":{"rendered":"<p>[vc_row css=&#8220;.vc_custom_1592487868523{margin-top: -80px !important;}&#8220;][vc_column][vc_column_text] N\u00c1VRH, V\u00ddROBA, MERANIE [\/vc_column_text][vc_separator color=&#8220;orange&#8220; style=&#8220;shadow&#8220; border_width=&#8220;2&#8243;][\/vc_column][\/vc_row][vc_row][vc_column][vc_column_text] \u279f\u00a0N\u00e1vrh a v\u00fdroba riadiacich a v\u00fdrobn\u00fdch zariaden\u00ed, meradiel \u279f\u00a0Meranie, kalibr\u00e1cia a ro\u010dn\u00e1 kontrola zariaden\u00ed \u279f\u00a0Mo\u017enos\u0165 exponovan\u00e9ho merania pomocou 3D meracieho r\u00e1mu Pre na\u0161ich partnerov vykon\u00e1vame projektovanie a v\u00fdrobu v\u00fdrobn\u00fdch liniek, ako aj \u010dasov\u00fdch pr\u00edstrojov, merac\u00edch pr\u00edstrojov.\u00a0 Pomocou n\u00e1\u0161ho zariadenia na 3D meranie je mo\u017en\u00e9 [&hellip;]<\/p>\n","protected":false},"author":1,"featured_media":0,"parent":399,"menu_order":0,"comment_status":"closed","ping_status":"closed","template":"","meta":{"_exactmetrics_skip_tracking":false,"_exactmetrics_sitenote_active":false,"_exactmetrics_sitenote_note":"","_exactmetrics_sitenote_category":0,"footnotes":""},"class_list":["post-428","page","type-page","status-publish","hentry"],"_links":{"self":[{"href":"https:\/\/tqlservice.eu\/sk\/wp-json\/wp\/v2\/pages\/428","targetHints":{"allow":["GET"]}}],"collection":[{"href":"https:\/\/tqlservice.eu\/sk\/wp-json\/wp\/v2\/pages"}],"about":[{"href":"https:\/\/tqlservice.eu\/sk\/wp-json\/wp\/v2\/types\/page"}],"author":[{"embeddable":true,"href":"https:\/\/tqlservice.eu\/sk\/wp-json\/wp\/v2\/users\/1"}],"replies":[{"embeddable":true,"href":"https:\/\/tqlservice.eu\/sk\/wp-json\/wp\/v2\/comments?post=428"}],"version-history":[{"count":2,"href":"https:\/\/tqlservice.eu\/sk\/wp-json\/wp\/v2\/pages\/428\/revisions"}],"predecessor-version":[{"id":431,"href":"https:\/\/tqlservice.eu\/sk\/wp-json\/wp\/v2\/pages\/428\/revisions\/431"}],"up":[{"embeddable":true,"href":"https:\/\/tqlservice.eu\/sk\/wp-json\/wp\/v2\/pages\/399"}],"wp:attachment":[{"href":"https:\/\/tqlservice.eu\/sk\/wp-json\/wp\/v2\/media?parent=428"}],"curies":[{"name":"wp","href":"https:\/\/api.w.org\/{rel}","templated":true}]}}