{"id":424,"date":"2021-09-29T15:19:38","date_gmt":"2021-09-29T13:19:38","guid":{"rendered":"https:\/\/tqlservice.eu\/?page_id=424"},"modified":"2021-09-29T15:19:38","modified_gmt":"2021-09-29T13:19:38","slug":"inzinierske-sluzby","status":"publish","type":"page","link":"https:\/\/tqlservice.eu\/sk\/sluzby\/inzinierske-sluzby\/","title":{"rendered":"In\u017einierske slu\u017eby"},"content":{"rendered":"<p>[vc_row css=&#8220;.vc_custom_1592487647874{margin-top: -80px !important;}&#8220;][vc_column][vc_column_text]<\/p>\n<h1 style=\"text-align: left;\">In\u017einierske slu\u017eby<\/h1>\n<p>[\/vc_column_text][vc_separator color=&#8220;orange&#8220; style=&#8220;shadow&#8220; border_width=&#8220;2&#8243;][vc_column_text]<span style=\"font-weight: 400; font-size: 14pt;\">V pr\u00edpade projektov\u00fdch pr\u00e1c a nedostatku zdrojov vykonaj\u00fa na\u0161i in\u017einieri pr\u00e1cu na po\u017eadovanom mieste (u V\u00e1s, V\u00e1\u0161ho z\u00e1kazn\u00edka alebo V\u00e1\u0161ho dod\u00e1vate\u013ea). T\u00fdmto sp\u00f4sobom dohliadaj\u00fa na jednotliv\u00e9 projekty alebo poskytuj\u00fa pomoc pri rie\u0161en\u00ed probl\u00e9mov.<\/span><\/p>\n<p><strong><span style=\"font-size: 14pt;\">Ich typick\u00e9 \u00falohy s\u00fa:<\/span><\/strong><\/p>\n<p style=\"padding-left: 40px;\"><span style=\"font-weight: 400; font-size: 14pt;\">\u279f\u00a0vz\u0165ahy so z\u00e1kazn\u00edkmi: rie\u0161enie s\u0165a\u017enost\u00ed z\u00e1kazn\u00edkov (8D), spr\u00e1va z\u00e1kazn\u00edckych port\u00e1lov, zastupovanie va\u0161ej spolo\u010dnosti na eskala\u010dnom pojedn\u00e1van\u00ed<\/span><\/p>\n<p style=\"padding-left: 40px;\"><span style=\"font-weight: 400; font-size: 14pt;\">\u279f vz\u0165ahy s dod\u00e1vate\u013emi: vybavovanie s\u0165a\u017enost\u00ed dod\u00e1vate\u013eov, v\u00fdvoj dod\u00e1vate\u013eov, zastupovanie va\u0161ej spolo\u010dnosti na eskala\u010dn\u00fdch stretnutiach<\/span><\/p>\n<p style=\"padding-left: 40px;\"><span style=\"font-weight: 400; font-size: 14pt;\">\u279f rezidentn\u00fd in\u017einier: zastupujeme va\u0161e z\u00e1ujmy u v\u00e1\u0161ho z\u00e1kazn\u00edka alebo dod\u00e1vate\u013ea, riadime ak\u00e9ko\u013evek triediace alebo oprav\u00e1rensk\u00e9 pr\u00e1ce<\/span><\/p>\n<p style=\"padding-left: 40px;\"><span style=\"font-weight: 400; font-size: 14pt;\">\u279f projektov\u00fd in\u017einier: predstavenie nov\u00fdch produktov (APQP a PPAP), riadenie zmien, doh\u013ead nad premiest\u0148ovan\u00edm strojov, predlo\u017eenie po\u017eadovanej schva\u013eovacej dokument\u00e1cie z\u00e1kazn\u00edkovi<\/span><\/p>\n<p style=\"padding-left: 40px;\"><span style=\"font-weight: 400; font-size: 14pt;\">\u279f in\u017einier syst\u00e9mu riadenia kvality: doh\u013ead nad dokument\u00e1ciou, koordin\u00e1cia, implement\u00e1cia a sledovanie intern\u00fdch auditov<\/span><\/p>\n<p>[\/vc_column_text][\/vc_column][\/vc_row][vc_row][vc_column][vc_column_text]<img loading=\"lazy\" decoding=\"async\" class=\"aligncenter wp-image-279\" src=\"https:\/\/tqlservice.eu\/wp-content\/uploads\/2020\/06\/tqlservice-eu-szolgaltatas-gyor-mernoki-szolgaltatas-300x200.jpg\" alt=\"\" width=\"500\" height=\"333\" srcset=\"https:\/\/tqlservice.eu\/wp-content\/uploads\/2020\/06\/tqlservice-eu-szolgaltatas-gyor-mernoki-szolgaltatas-300x200.jpg 300w, https:\/\/tqlservice.eu\/wp-content\/uploads\/2020\/06\/tqlservice-eu-szolgaltatas-gyor-mernoki-szolgaltatas-1024x683.jpg 1024w, https:\/\/tqlservice.eu\/wp-content\/uploads\/2020\/06\/tqlservice-eu-szolgaltatas-gyor-mernoki-szolgaltatas-768x512.jpg 768w, https:\/\/tqlservice.eu\/wp-content\/uploads\/2020\/06\/tqlservice-eu-szolgaltatas-gyor-mernoki-szolgaltatas.jpg 1200w\" sizes=\"auto, (max-width: 500px) 100vw, 500px\" \/>[\/vc_column_text][\/vc_column][\/vc_row]<\/p>\n","protected":false},"excerpt":{"rendered":"<p>[vc_row css=&#8220;.vc_custom_1592487647874{margin-top: -80px !important;}&#8220;][vc_column][vc_column_text] In\u017einierske slu\u017eby [\/vc_column_text][vc_separator color=&#8220;orange&#8220; style=&#8220;shadow&#8220; border_width=&#8220;2&#8243;][vc_column_text]V pr\u00edpade projektov\u00fdch pr\u00e1c a nedostatku zdrojov vykonaj\u00fa na\u0161i in\u017einieri pr\u00e1cu na po\u017eadovanom mieste (u V\u00e1s, V\u00e1\u0161ho z\u00e1kazn\u00edka alebo V\u00e1\u0161ho dod\u00e1vate\u013ea). T\u00fdmto sp\u00f4sobom dohliadaj\u00fa na jednotliv\u00e9 projekty alebo poskytuj\u00fa pomoc pri rie\u0161en\u00ed probl\u00e9mov. Ich typick\u00e9 \u00falohy s\u00fa: \u279f\u00a0vz\u0165ahy so z\u00e1kazn\u00edkmi: rie\u0161enie s\u0165a\u017enost\u00ed z\u00e1kazn\u00edkov (8D), spr\u00e1va z\u00e1kazn\u00edckych [&hellip;]<\/p>\n","protected":false},"author":1,"featured_media":0,"parent":399,"menu_order":0,"comment_status":"closed","ping_status":"closed","template":"","meta":{"_exactmetrics_skip_tracking":false,"_exactmetrics_sitenote_active":false,"_exactmetrics_sitenote_note":"","_exactmetrics_sitenote_category":0,"footnotes":""},"class_list":["post-424","page","type-page","status-publish","hentry"],"_links":{"self":[{"href":"https:\/\/tqlservice.eu\/sk\/wp-json\/wp\/v2\/pages\/424","targetHints":{"allow":["GET"]}}],"collection":[{"href":"https:\/\/tqlservice.eu\/sk\/wp-json\/wp\/v2\/pages"}],"about":[{"href":"https:\/\/tqlservice.eu\/sk\/wp-json\/wp\/v2\/types\/page"}],"author":[{"embeddable":true,"href":"https:\/\/tqlservice.eu\/sk\/wp-json\/wp\/v2\/users\/1"}],"replies":[{"embeddable":true,"href":"https:\/\/tqlservice.eu\/sk\/wp-json\/wp\/v2\/comments?post=424"}],"version-history":[{"count":2,"href":"https:\/\/tqlservice.eu\/sk\/wp-json\/wp\/v2\/pages\/424\/revisions"}],"predecessor-version":[{"id":427,"href":"https:\/\/tqlservice.eu\/sk\/wp-json\/wp\/v2\/pages\/424\/revisions\/427"}],"up":[{"embeddable":true,"href":"https:\/\/tqlservice.eu\/sk\/wp-json\/wp\/v2\/pages\/399"}],"wp:attachment":[{"href":"https:\/\/tqlservice.eu\/sk\/wp-json\/wp\/v2\/media?parent=424"}],"curies":[{"name":"wp","href":"https:\/\/api.w.org\/{rel}","templated":true}]}}