{"id":420,"date":"2021-09-29T15:13:57","date_gmt":"2021-09-29T13:13:57","guid":{"rendered":"https:\/\/tqlservice.eu\/?page_id=420"},"modified":"2021-09-29T15:13:57","modified_gmt":"2021-09-29T13:13:57","slug":"audit-priprava","status":"publish","type":"page","link":"https:\/\/tqlservice.eu\/sk\/sluzby\/audit-priprava\/","title":{"rendered":"Audit, pr\u00edprava"},"content":{"rendered":"<p>[vc_row css=&#8220;.vc_custom_1592487353427{margin-top: -80px !important;}&#8220;][vc_column][vc_column_text]<\/p>\n<h1 style=\"text-align: left;\">Pr\u00edprava na audit, vykon\u00e1vanie auditu<\/h1>\n<p>[\/vc_column_text][vc_separator color=&#8220;orange&#8220; style=&#8220;shadow&#8220; border_width=&#8220;2&#8243;][\/vc_column][\/vc_row][vc_row][vc_column][vc_column_text]<\/p>\n<p style=\"text-align: center;\"><span style=\"font-weight: 400; font-size: 14pt;\">Vykon\u00e1vanie auditov syst\u00e9mov a procesov v s\u00falade s Va\u0161im programom auditov vo Va\u0161ej prev\u00e1dzke alebo u V\u00e1\u0161ho dod\u00e1vate\u013ea.<\/span><\/p>\n<p><span style=\"font-weight: 400; font-size: 14pt;\">Syst\u00e9mov\u00e9 audity:<\/span><\/p>\n<p style=\"padding-left: 40px;\"><span style=\"font-size: 14pt;\"><span style=\"font-weight: 400;\">\u279f ISO 9001<br \/>\n\u279f <\/span>IATF 16949<\/span><br \/>\n<span style=\"font-size: 14pt;\">\u279f ISO 14001<\/span><br \/>\n<span style=\"font-size: 14pt;\">\u279f Alebo in\u00e9 syst\u00e9my riadenia pod\u013ea noriem.<\/span><\/p>\n<p><span style=\"font-weight: 400; font-size: 14pt;\">Procesn\u00e9 audity:<\/span><\/p>\n<p style=\"padding-left: 40px;\"><span style=\"font-size: 14pt;\"><span style=\"font-weight: 400;\">\u279f VDA 6.3<br \/>\n\u279f <\/span>Formel Q<\/span><\/p>\n<p>[\/vc_column_text][\/vc_column][\/vc_row][vc_row][vc_column][vc_column_text]<img loading=\"lazy\" decoding=\"async\" class=\"aligncenter wp-image-285\" src=\"https:\/\/tqlservice.eu\/wp-content\/uploads\/2020\/06\/tqlservice-eu-szolgaltatas-gyor-auditalas-300x225.jpg\" alt=\"\" width=\"500\" height=\"375\" srcset=\"https:\/\/tqlservice.eu\/wp-content\/uploads\/2020\/06\/tqlservice-eu-szolgaltatas-gyor-auditalas-300x225.jpg 300w, https:\/\/tqlservice.eu\/wp-content\/uploads\/2020\/06\/tqlservice-eu-szolgaltatas-gyor-auditalas-1024x768.jpg 1024w, https:\/\/tqlservice.eu\/wp-content\/uploads\/2020\/06\/tqlservice-eu-szolgaltatas-gyor-auditalas-768x576.jpg 768w, https:\/\/tqlservice.eu\/wp-content\/uploads\/2020\/06\/tqlservice-eu-szolgaltatas-gyor-auditalas.jpg 1067w\" sizes=\"auto, (max-width: 500px) 100vw, 500px\" \/>[\/vc_column_text][\/vc_column][\/vc_row]<\/p>\n","protected":false},"excerpt":{"rendered":"<p>[vc_row css=&#8220;.vc_custom_1592487353427{margin-top: -80px !important;}&#8220;][vc_column][vc_column_text] Pr\u00edprava na audit, vykon\u00e1vanie auditu [\/vc_column_text][vc_separator color=&#8220;orange&#8220; style=&#8220;shadow&#8220; border_width=&#8220;2&#8243;][\/vc_column][\/vc_row][vc_row][vc_column][vc_column_text] Vykon\u00e1vanie auditov syst\u00e9mov a procesov v s\u00falade s Va\u0161im programom auditov vo Va\u0161ej prev\u00e1dzke alebo u V\u00e1\u0161ho dod\u00e1vate\u013ea. Syst\u00e9mov\u00e9 audity: \u279f ISO 9001 \u279f IATF 16949 \u279f ISO 14001 \u279f Alebo in\u00e9 syst\u00e9my riadenia pod\u013ea noriem. Procesn\u00e9 audity: \u279f VDA 6.3 \u279f [&hellip;]<\/p>\n","protected":false},"author":1,"featured_media":0,"parent":399,"menu_order":0,"comment_status":"closed","ping_status":"closed","template":"","meta":{"_exactmetrics_skip_tracking":false,"_exactmetrics_sitenote_active":false,"_exactmetrics_sitenote_note":"","_exactmetrics_sitenote_category":0,"footnotes":""},"class_list":["post-420","page","type-page","status-publish","hentry"],"_links":{"self":[{"href":"https:\/\/tqlservice.eu\/sk\/wp-json\/wp\/v2\/pages\/420","targetHints":{"allow":["GET"]}}],"collection":[{"href":"https:\/\/tqlservice.eu\/sk\/wp-json\/wp\/v2\/pages"}],"about":[{"href":"https:\/\/tqlservice.eu\/sk\/wp-json\/wp\/v2\/types\/page"}],"author":[{"embeddable":true,"href":"https:\/\/tqlservice.eu\/sk\/wp-json\/wp\/v2\/users\/1"}],"replies":[{"embeddable":true,"href":"https:\/\/tqlservice.eu\/sk\/wp-json\/wp\/v2\/comments?post=420"}],"version-history":[{"count":2,"href":"https:\/\/tqlservice.eu\/sk\/wp-json\/wp\/v2\/pages\/420\/revisions"}],"predecessor-version":[{"id":423,"href":"https:\/\/tqlservice.eu\/sk\/wp-json\/wp\/v2\/pages\/420\/revisions\/423"}],"up":[{"embeddable":true,"href":"https:\/\/tqlservice.eu\/sk\/wp-json\/wp\/v2\/pages\/399"}],"wp:attachment":[{"href":"https:\/\/tqlservice.eu\/sk\/wp-json\/wp\/v2\/media?parent=420"}],"curies":[{"name":"wp","href":"https:\/\/api.w.org\/{rel}","templated":true}]}}