{"id":416,"date":"2021-09-29T15:08:24","date_gmt":"2021-09-29T13:08:24","guid":{"rendered":"https:\/\/tqlservice.eu\/?page_id=416"},"modified":"2021-09-29T15:12:07","modified_gmt":"2021-09-29T13:12:07","slug":"kontrola-kvality","status":"publish","type":"page","link":"https:\/\/tqlservice.eu\/sk\/sluzby\/kontrola-kvality\/","title":{"rendered":"Kontrola kvality"},"content":{"rendered":"<p>[vc_row css=&#8220;.vc_custom_1592487838067{margin-top: -80px !important;}&#8220;][vc_column][vc_column_text]<\/p>\n<h1 style=\"text-align: left;\">Kontrola kvality<\/h1>\n<p>[\/vc_column_text][vc_separator color=&#8220;orange&#8220; style=&#8220;shadow&#8220; border_width=&#8220;2&#8243;][\/vc_column][\/vc_row][vc_row][vc_column][vc_column_text]<span style=\"font-weight: 400;\">V z\u00e1ujme zabezpe\u010denia spr\u00e1vnej kvality v\u00fdrobkov v ka\u017edom kroku dod\u00e1vate\u013esk\u00e9ho re\u0165azca vykon\u00e1vame kontrolu v\u00fdrobkov.<\/span><\/p>\n<p style=\"padding-left: 40px;\"><span style=\"font-weight: 400;\">\u2714 kontrola prijat\u00e9ho tovaru<br \/>\n<\/span>\u2714 kontrola po\u010das v\u00fdroby<br \/>\n\u2714 in\u00e1lna kontrola<br \/>\n\u2714 kontrola firewallu<br \/>\n\u2714 Kontroly CSL, CSL2<\/p>\n<p><span style=\"font-weight: 400;\"><img loading=\"lazy\" decoding=\"async\" class=\"aligncenter wp-image-277\" src=\"https:\/\/tqlservice.eu\/wp-content\/uploads\/2020\/06\/tqlservice-eu-szolgaltatas-gyor-minoseg_ellenorzes-300x200.jpg\" alt=\"\" width=\"500\" height=\"333\" srcset=\"https:\/\/tqlservice.eu\/wp-content\/uploads\/2020\/06\/tqlservice-eu-szolgaltatas-gyor-minoseg_ellenorzes-300x200.jpg 300w, https:\/\/tqlservice.eu\/wp-content\/uploads\/2020\/06\/tqlservice-eu-szolgaltatas-gyor-minoseg_ellenorzes-1024x683.jpg 1024w, https:\/\/tqlservice.eu\/wp-content\/uploads\/2020\/06\/tqlservice-eu-szolgaltatas-gyor-minoseg_ellenorzes-768x512.jpg 768w, https:\/\/tqlservice.eu\/wp-content\/uploads\/2020\/06\/tqlservice-eu-szolgaltatas-gyor-minoseg_ellenorzes.jpg 1200w\" sizes=\"auto, (max-width: 500px) 100vw, 500px\" \/>V z\u00e1ujme zistenia ch\u00fdb v\u00fdrobkov v r\u00e1mci v\u00fdrobn\u00fdch priestorov vykon\u00e1vame s na\u0161imi zamestnancami kontrolu v\u00fdrobkov medzi jednotliv\u00fdmi f\u00e1zami v\u00fdrobn\u00e9ho procesu pod\u013ea ch\u00fdb definovan\u00fdch z\u00e1kazn\u00edkom.\u00a0<\/span><\/p>\n<p><span style=\"font-weight: 400;\">Na z\u00e1klade o\u010dak\u00e1van\u00ed z\u00e1kazn\u00edka vykon\u00e1vame slu\u017ebu po\u010das v\u00fdroby, v stave hotov\u00e9ho v\u00fdrobku, dokonca aj na nez\u00e1vislej definovanej pracovnej stanici (firewall, CSL).<\/span>[\/vc_column_text][\/vc_column][\/vc_row]<\/p>\n","protected":false},"excerpt":{"rendered":"<p>[vc_row css=&#8220;.vc_custom_1592487838067{margin-top: -80px !important;}&#8220;][vc_column][vc_column_text] Kontrola kvality [\/vc_column_text][vc_separator color=&#8220;orange&#8220; style=&#8220;shadow&#8220; border_width=&#8220;2&#8243;][\/vc_column][\/vc_row][vc_row][vc_column][vc_column_text]V z\u00e1ujme zabezpe\u010denia spr\u00e1vnej kvality v\u00fdrobkov v ka\u017edom kroku dod\u00e1vate\u013esk\u00e9ho re\u0165azca vykon\u00e1vame kontrolu v\u00fdrobkov. \u2714 kontrola prijat\u00e9ho tovaru \u2714 kontrola po\u010das v\u00fdroby \u2714 in\u00e1lna kontrola \u2714 kontrola firewallu \u2714 Kontroly CSL, CSL2 V z\u00e1ujme zistenia ch\u00fdb v\u00fdrobkov v r\u00e1mci v\u00fdrobn\u00fdch priestorov vykon\u00e1vame s na\u0161imi zamestnancami kontrolu [&hellip;]<\/p>\n","protected":false},"author":1,"featured_media":0,"parent":399,"menu_order":0,"comment_status":"closed","ping_status":"closed","template":"","meta":{"_exactmetrics_skip_tracking":false,"_exactmetrics_sitenote_active":false,"_exactmetrics_sitenote_note":"","_exactmetrics_sitenote_category":0,"footnotes":""},"class_list":["post-416","page","type-page","status-publish","hentry"],"_links":{"self":[{"href":"https:\/\/tqlservice.eu\/sk\/wp-json\/wp\/v2\/pages\/416","targetHints":{"allow":["GET"]}}],"collection":[{"href":"https:\/\/tqlservice.eu\/sk\/wp-json\/wp\/v2\/pages"}],"about":[{"href":"https:\/\/tqlservice.eu\/sk\/wp-json\/wp\/v2\/types\/page"}],"author":[{"embeddable":true,"href":"https:\/\/tqlservice.eu\/sk\/wp-json\/wp\/v2\/users\/1"}],"replies":[{"embeddable":true,"href":"https:\/\/tqlservice.eu\/sk\/wp-json\/wp\/v2\/comments?post=416"}],"version-history":[{"count":2,"href":"https:\/\/tqlservice.eu\/sk\/wp-json\/wp\/v2\/pages\/416\/revisions"}],"predecessor-version":[{"id":419,"href":"https:\/\/tqlservice.eu\/sk\/wp-json\/wp\/v2\/pages\/416\/revisions\/419"}],"up":[{"embeddable":true,"href":"https:\/\/tqlservice.eu\/sk\/wp-json\/wp\/v2\/pages\/399"}],"wp:attachment":[{"href":"https:\/\/tqlservice.eu\/sk\/wp-json\/wp\/v2\/media?parent=416"}],"curies":[{"name":"wp","href":"https:\/\/api.w.org\/{rel}","templated":true}]}}