{"id":412,"date":"2021-09-29T15:05:53","date_gmt":"2021-09-29T13:05:53","guid":{"rendered":"https:\/\/tqlservice.eu\/?page_id=412"},"modified":"2025-01-15T13:52:23","modified_gmt":"2025-01-15T11:52:23","slug":"podpora-vyroby-vyrobnych-liniek","status":"publish","type":"page","link":"https:\/\/tqlservice.eu\/sk\/sluzby\/podpora-vyroby-vyrobnych-liniek\/","title":{"rendered":"Podpora v\u00fdroby &#8211; v\u00fdrobn\u00fdch liniek"},"content":{"rendered":"<p>[vc_row css=&#8220;.vc_custom_1592487819547{margin-top: -80px !important;}&#8220;][vc_column][vc_column_text]<\/p>\n<h1 style=\"text-align: left;\">Podpora v\u00fdrobn\u00fdch liniek<\/h1>\n<p>[\/vc_column_text][vc_separator color=&#8220;orange&#8220; style=&#8220;shadow&#8220; border_width=&#8220;2&#8243;][\/vc_column][\/vc_row][vc_row][vc_column][vc_column_text]<\/p>\n<p style=\"padding-left: 40px;\"><span style=\"font-size: 12pt;\"><span style=\"font-weight: 400;\">\u279f Mont\u00e1\u017ena pr\u00e1ca<br \/>\n\u279f <\/span><span style=\"font-weight: 400;\">Plastov\u00e9, extrudovacie, vstrekovacie a PUR peniace stroje<br \/>\n\u279f\u00a0<\/span><span style=\"font-weight: 400;\">Obr\u00e1bacie centr\u00e1<br \/>\n\u279f\u00a0<\/span><span style=\"font-weight: 400;\">Manipul\u00e1cia s br\u00fasnymi strojmi eliminuj\u00facimi nevhodn\u00e9 v\u00fdrobky<\/span><\/span><\/p>\n<p><span style=\"font-weight: 400; font-size: 12pt;\">V pr\u00edpade v\u00fdrobn\u00fdch \u0165a\u017ekost\u00ed v d\u00f4sledku nepretr\u017eitej slu\u017eby meniacich sa potrieb trhu na\u0161ich partnerov sa v r\u00e1mci na\u0161ej slu\u017eby zav\u00e4zujeme zriadi\u0165 a v pr\u00edpade potreby vy\u0161koli\u0165 na\u0161ich kolegov, aby zvl\u00e1dli jednotliv\u00e9 pracovn\u00e9 stanice v priebehu nieko\u013ek\u00fdch pracovn\u00fdch dn\u00ed.<\/span><\/p>\n<p><span style=\"font-weight: 400; font-size: 12pt;\">V pr\u00edpade komplexn\u00fdch po\u017eiadaviek sa s na\u0161\u00edm projektov\u00fdm t\u00edmom podie\u013eame aj na prev\u00e1dzke kompletn\u00fdch samostatn\u00fdch v\u00fdrobn\u00fdch liniek s na\u0161imi kolegami, ktor\u00ed maj\u00fa sk\u00fasenosti s obsluhou strojov pou\u017e\u00edvan\u00fdch v priemysle, \u010do m\u00f4\u017ee zah\u0155\u0148a\u0165 aj kontrolu kvality po v\u00fdrobe a zabezpe\u010denie kvality a riadenie techniky.<\/span><\/p>\n<p><span style=\"font-weight: 400; font-size: 12pt;\">V z\u00e1ujme dokon\u010denia na\u0161ich slu\u017eieb poskytujeme na\u0161im z\u00e1kazn\u00edkom infografiku v\u00fdroby a efekt\u00edvnosti a poskytujeme dokument\u00e1ciu v s\u00falade s platn\u00fdmi normami a intern\u00fdm syst\u00e9mom riadenia kvality.<\/span><\/p>\n<p><img loading=\"lazy\" decoding=\"async\" class=\"aligncenter wp-image-283\" src=\"https:\/\/tqlservice.eu\/wp-content\/uploads\/2020\/06\/tqlservice-eu-szolgaltatas-gyor-gyartosori-tamogatas-300x169.jpg\" alt=\"\" width=\"500\" height=\"281\" srcset=\"https:\/\/tqlservice.eu\/wp-content\/uploads\/2020\/06\/tqlservice-eu-szolgaltatas-gyor-gyartosori-tamogatas-300x169.jpg 300w, https:\/\/tqlservice.eu\/wp-content\/uploads\/2020\/06\/tqlservice-eu-szolgaltatas-gyor-gyartosori-tamogatas-1024x576.jpg 1024w, https:\/\/tqlservice.eu\/wp-content\/uploads\/2020\/06\/tqlservice-eu-szolgaltatas-gyor-gyartosori-tamogatas-768x432.jpg 768w, https:\/\/tqlservice.eu\/wp-content\/uploads\/2020\/06\/tqlservice-eu-szolgaltatas-gyor-gyartosori-tamogatas.jpg 1422w\" sizes=\"auto, (max-width: 500px) 100vw, 500px\" \/>[\/vc_column_text][\/vc_column][\/vc_row][vc_row][vc_column width=&#8220;1\/3&#8243;][vc_single_image image=&#8220;1031&#8243; img_size=&#8220;full&#8220; alignment=&#8220;center&#8220;][\/vc_column][vc_column width=&#8220;1\/3&#8243;][vc_single_image image=&#8220;559&#8243; img_size=&#8220;full&#8220; alignment=&#8220;center&#8220;][\/vc_column][vc_column width=&#8220;1\/3&#8243;][vc_single_image image=&#8220;707&#8243; img_size=&#8220;full&#8220; alignment=&#8220;center&#8220;][\/vc_column][\/vc_row][vc_row][vc_column width=&#8220;1\/2&#8243;][vc_single_image image=&#8220;1113&#8243; img_size=&#8220;full&#8220; alignment=&#8220;center&#8220;][\/vc_column][vc_column width=&#8220;1\/2&#8243;][\/vc_column][\/vc_row]<\/p>\n","protected":false},"excerpt":{"rendered":"<p>[vc_row css=&#8220;.vc_custom_1592487819547{margin-top: -80px !important;}&#8220;][vc_column][vc_column_text] Podpora v\u00fdrobn\u00fdch liniek [\/vc_column_text][vc_separator color=&#8220;orange&#8220; style=&#8220;shadow&#8220; border_width=&#8220;2&#8243;][\/vc_column][\/vc_row][vc_row][vc_column][vc_column_text] \u279f Mont\u00e1\u017ena pr\u00e1ca \u279f Plastov\u00e9, extrudovacie, vstrekovacie a PUR peniace stroje \u279f\u00a0Obr\u00e1bacie centr\u00e1 \u279f\u00a0Manipul\u00e1cia s br\u00fasnymi strojmi eliminuj\u00facimi nevhodn\u00e9 v\u00fdrobky V pr\u00edpade v\u00fdrobn\u00fdch \u0165a\u017ekost\u00ed v d\u00f4sledku nepretr\u017eitej slu\u017eby meniacich sa potrieb trhu na\u0161ich partnerov sa v r\u00e1mci na\u0161ej slu\u017eby zav\u00e4zujeme zriadi\u0165 a v pr\u00edpade [&hellip;]<\/p>\n","protected":false},"author":1,"featured_media":0,"parent":399,"menu_order":0,"comment_status":"closed","ping_status":"closed","template":"","meta":{"_exactmetrics_skip_tracking":false,"_exactmetrics_sitenote_active":false,"_exactmetrics_sitenote_note":"","_exactmetrics_sitenote_category":0,"footnotes":""},"class_list":["post-412","page","type-page","status-publish","hentry"],"_links":{"self":[{"href":"https:\/\/tqlservice.eu\/sk\/wp-json\/wp\/v2\/pages\/412","targetHints":{"allow":["GET"]}}],"collection":[{"href":"https:\/\/tqlservice.eu\/sk\/wp-json\/wp\/v2\/pages"}],"about":[{"href":"https:\/\/tqlservice.eu\/sk\/wp-json\/wp\/v2\/types\/page"}],"author":[{"embeddable":true,"href":"https:\/\/tqlservice.eu\/sk\/wp-json\/wp\/v2\/users\/1"}],"replies":[{"embeddable":true,"href":"https:\/\/tqlservice.eu\/sk\/wp-json\/wp\/v2\/comments?post=412"}],"version-history":[{"count":4,"href":"https:\/\/tqlservice.eu\/sk\/wp-json\/wp\/v2\/pages\/412\/revisions"}],"predecessor-version":[{"id":1131,"href":"https:\/\/tqlservice.eu\/sk\/wp-json\/wp\/v2\/pages\/412\/revisions\/1131"}],"up":[{"embeddable":true,"href":"https:\/\/tqlservice.eu\/sk\/wp-json\/wp\/v2\/pages\/399"}],"wp:attachment":[{"href":"https:\/\/tqlservice.eu\/sk\/wp-json\/wp\/v2\/media?parent=412"}],"curies":[{"name":"wp","href":"https:\/\/api.w.org\/{rel}","templated":true}]}}