{"id":393,"date":"2021-09-29T14:31:11","date_gmt":"2021-09-29T12:31:11","guid":{"rendered":"https:\/\/tqlservice.eu\/?page_id=393"},"modified":"2025-01-15T13:46:21","modified_gmt":"2025-01-15T11:46:21","slug":"logistika","status":"publish","type":"page","link":"https:\/\/tqlservice.eu\/sk\/sluzby\/logistika\/","title":{"rendered":"LOGISTIKA"},"content":{"rendered":"<p>[vc_row css=&#8220;.vc_custom_1592487386765{margin-top: -80px !important;}&#8220;][vc_column][vc_column_text]<\/p>\n<h1 style=\"text-align: left;\">LOGISTIKA<\/h1>\n<p>[\/vc_column_text][vc_separator color=&#8220;orange&#8220; style=&#8220;shadow&#8220; border_width=&#8220;2&#8243;][\/vc_column][\/vc_row][vc_row][vc_column][vc_column_text]<\/p>\n<p style=\"padding-left: 40px;\"><span style=\"font-size: 14pt;\"><span style=\"font-weight: 400;\">\u279f Ru\u010dn\u00e9 balenie, komisionovanie, ozna\u010dovanie<br \/>\n<\/span><span style=\"font-weight: 400;\">\u279f Pr\u00edprava, kompletiz\u00e1cia dodan\u00e9ho, prijat\u00e9ho tovaru na sklad a tovaru vydan\u00e9ho zo skladu<br \/>\n<\/span><span style=\"font-weight: 400;\">\u279f Komisionovanie<br \/>\n<\/span><span style=\"font-weight: 400;\">\u279f Starostliv\u00e9 zaobch\u00e1dzanie s v\u00fdrobkami<br \/>\n<\/span><span style=\"font-weight: 400;\">\u279f Primeran\u00e9 znalosti pre spr\u00e1vu skladov\u00fdch IT n\u00e1strojov a syst\u00e9mov<br \/>\n\u279f <\/span><\/span><span style=\"font-size: 14pt;\"><span style=\"font-weight: 400;\">Manipul\u00e1cia s n\u00e1kladom, nakladanie tovaru pomocou stroja<br \/>\n<\/span><span style=\"font-weight: 400;\">\u279f Pou\u017eitie skladov\u00fdch manipula\u010dn\u00fdch zariaden\u00ed (vysokozdvi\u017en\u00fd voz\u00edk)<br \/>\n<\/span><span style=\"font-weight: 400;\">\u279f Nakladanie, manipul\u00e1cia s n\u00e1kladom<br \/>\n<\/span><span style=\"font-weight: 400;\">\u279f Znalos\u0165 vysokoz\u00e1vesn\u00fdch skladov\u00fdch syst\u00e9mov<\/span><\/span><\/p>\n<p style=\"text-align: center;\"><span style=\"font-weight: 400; font-size: 14pt;\"><img loading=\"lazy\" decoding=\"async\" class=\"aligncenter wp-image-281\" src=\"https:\/\/tqlservice.eu\/wp-content\/uploads\/2020\/06\/tqlservice-eu-szolgaltatas-gyor-Logisztika-300x200.jpg\" alt=\"\" width=\"500\" height=\"333\" srcset=\"https:\/\/tqlservice.eu\/wp-content\/uploads\/2020\/06\/tqlservice-eu-szolgaltatas-gyor-Logisztika-300x200.jpg 300w, https:\/\/tqlservice.eu\/wp-content\/uploads\/2020\/06\/tqlservice-eu-szolgaltatas-gyor-Logisztika-1024x683.jpg 1024w, https:\/\/tqlservice.eu\/wp-content\/uploads\/2020\/06\/tqlservice-eu-szolgaltatas-gyor-Logisztika-768x512.jpg 768w, https:\/\/tqlservice.eu\/wp-content\/uploads\/2020\/06\/tqlservice-eu-szolgaltatas-gyor-Logisztika.jpg 1200w\" sizes=\"auto, (max-width: 500px) 100vw, 500px\" \/><\/span><\/p>\n<p style=\"text-align: center;\"><span style=\"font-weight: 400; font-size: 14pt;\">Spolupracujeme s odborn\u00edkmi v oblasti logistick\u00fdch slu\u017eieb, ktor\u00ed vykon\u00e1vaj\u00fa strojov\u00fa prev\u00e1dzku skladov, vysok\u00fdch skladov.\u00a0<\/span><\/p>\n<p style=\"text-align: center;\"><span style=\"font-weight: 400; font-size: 14pt;\">Na vykon\u00e1vanie v\u0161eobecn\u00fdch skladovac\u00edch \u00faloh s\u00fa na\u0161i zamestnanci kvalifikovan\u00ed pre n\u00e1kladn\u00e9 vozidl\u00e1 s \u010delnou n\u00e1pravou, vysokozdvi\u017en\u00e9 voz\u00edky so sedadlo, kab\u00ednou pre vodi\u010da, n\u00edzkozdvi\u017en\u00e9 voz\u00edky, \u0165aha\u010de\u00a0<\/span><\/p>\n<p><span style=\"font-weight: 400; font-size: 14pt;\">Pri nakladan\u00ed s vysok\u00fdmi skladmi m\u00e1me k dispoz\u00edcii sk\u00fasen\u00fdch pracovn\u00edkov v \u00fazkych koridorov\u00fdch zariadeniach.<\/span><\/p>\n<p><span style=\"font-weight: 400; font-size: 14pt;\">Pri plnen\u00ed \u00faloh t\u00fdkaj\u00facich sa komisionovania a balenia jednotliv\u00e9 \u00fakony realizuj\u00fa na\u0161i kolegovia s pou\u017eit\u00edm softv\u00e9ru definovan\u00e9ho z\u00e1kazn\u00edkom pre pr\u00edpravu v\u00fdrobkov na v\u00fdrobu, dodanie, balenie, preba\u013eovanie.<\/span>[\/vc_column_text][\/vc_column][\/vc_row][vc_row][vc_column width=&#8220;1\/3&#8243;][vc_single_image image=&#8220;1031&#8243; img_size=&#8220;full&#8220; alignment=&#8220;center&#8220;][\/vc_column][vc_column width=&#8220;1\/3&#8243;][vc_single_image image=&#8220;559&#8243; img_size=&#8220;full&#8220; alignment=&#8220;center&#8220;][\/vc_column][vc_column width=&#8220;1\/3&#8243;][vc_single_image image=&#8220;707&#8243; img_size=&#8220;full&#8220; alignment=&#8220;center&#8220;][\/vc_column][\/vc_row]<\/p>\n","protected":false},"excerpt":{"rendered":"<p>[vc_row css=&#8220;.vc_custom_1592487386765{margin-top: -80px !important;}&#8220;][vc_column][vc_column_text] LOGISTIKA [\/vc_column_text][vc_separator color=&#8220;orange&#8220; style=&#8220;shadow&#8220; border_width=&#8220;2&#8243;][\/vc_column][\/vc_row][vc_row][vc_column][vc_column_text] \u279f Ru\u010dn\u00e9 balenie, komisionovanie, ozna\u010dovanie \u279f Pr\u00edprava, kompletiz\u00e1cia dodan\u00e9ho, prijat\u00e9ho tovaru na sklad a tovaru vydan\u00e9ho zo skladu \u279f Komisionovanie \u279f Starostliv\u00e9 zaobch\u00e1dzanie s v\u00fdrobkami \u279f Primeran\u00e9 znalosti pre spr\u00e1vu skladov\u00fdch IT n\u00e1strojov a syst\u00e9mov \u279f Manipul\u00e1cia s n\u00e1kladom, nakladanie tovaru pomocou stroja \u279f Pou\u017eitie skladov\u00fdch [&hellip;]<\/p>\n","protected":false},"author":1,"featured_media":0,"parent":399,"menu_order":0,"comment_status":"closed","ping_status":"closed","template":"","meta":{"_exactmetrics_skip_tracking":false,"_exactmetrics_sitenote_active":false,"_exactmetrics_sitenote_note":"","_exactmetrics_sitenote_category":0,"footnotes":""},"class_list":["post-393","page","type-page","status-publish","hentry"],"_links":{"self":[{"href":"https:\/\/tqlservice.eu\/sk\/wp-json\/wp\/v2\/pages\/393","targetHints":{"allow":["GET"]}}],"collection":[{"href":"https:\/\/tqlservice.eu\/sk\/wp-json\/wp\/v2\/pages"}],"about":[{"href":"https:\/\/tqlservice.eu\/sk\/wp-json\/wp\/v2\/types\/page"}],"author":[{"embeddable":true,"href":"https:\/\/tqlservice.eu\/sk\/wp-json\/wp\/v2\/users\/1"}],"replies":[{"embeddable":true,"href":"https:\/\/tqlservice.eu\/sk\/wp-json\/wp\/v2\/comments?post=393"}],"version-history":[{"count":7,"href":"https:\/\/tqlservice.eu\/sk\/wp-json\/wp\/v2\/pages\/393\/revisions"}],"predecessor-version":[{"id":1124,"href":"https:\/\/tqlservice.eu\/sk\/wp-json\/wp\/v2\/pages\/393\/revisions\/1124"}],"up":[{"embeddable":true,"href":"https:\/\/tqlservice.eu\/sk\/wp-json\/wp\/v2\/pages\/399"}],"wp:attachment":[{"href":"https:\/\/tqlservice.eu\/sk\/wp-json\/wp\/v2\/media?parent=393"}],"curies":[{"name":"wp","href":"https:\/\/api.w.org\/{rel}","templated":true}]}}