{"id":386,"date":"2021-09-29T14:12:03","date_gmt":"2021-09-29T12:12:03","guid":{"rendered":"https:\/\/tqlservice.eu\/?page_id=386"},"modified":"2021-12-11T13:35:36","modified_gmt":"2021-12-11T11:35:36","slug":"o-nasej-spolocnosti","status":"publish","type":"page","link":"https:\/\/tqlservice.eu\/sk\/o-nasej-spolocnosti\/","title":{"rendered":"O NA\u0160EJ SPOLO\u010cNOSTI"},"content":{"rendered":"<p>[vc_row css=&#8220;.vc_custom_1592484763273{margin-top: -80px !important;}&#8220;][vc_column][vc_column_text]<\/p>\n<h1>O NA\u0160EJ SPOLO\u010cNOSTI<\/h1>\n<p>[\/vc_column_text][vc_separator color=&#8220;orange&#8220; style=&#8220;shadow&#8220; border_width=&#8220;2&#8243;][\/vc_column][\/vc_row][vc_row][vc_column][vc_column_text]<span style=\"font-weight: 400; font-size: 14pt; text-align: justify;\">Spolo\u010dnos\u0165 TQL zalo\u017eili na Slovensku L\u00e1szl\u00f3 Piski a Tam\u00e1s H\u00e1hn v roku 2016. Majitelia ju zalo\u017eili na z\u00e1klade svojich viac ako 15 -ro\u010dn\u00fdch odborn\u00fdch sk\u00fasenost\u00ed v automobilovom sektore, sektore slu\u017eieb a zabezpe\u010denia kvality.<\/span><\/p>\n<p><span style=\"font-weight: 400; font-size: 14pt; text-align: justify;\">Profil spolo\u010dnosti je zalo\u017een\u00fd na poskytovan\u00ed slu\u017eieb v automobilovom priemysle a poskytuje flexibiln\u00e9 rie\u0161enia pre jednotliv\u00e9 odvetvia, ktor\u00e9 sa prisp\u00f4sobia r\u00f4znorod\u00fdm po\u017eiadavk\u00e1m trhu.<\/span><\/p>\n<p><span style=\"font-weight: 400; font-size: 14pt; text-align: justify;\">Neust\u00e1ly rast a rozvoj spolo\u010dnosti je zabezpe\u010den\u00fd harm\u00f3niou spokojnosti zamestnancov a slu\u017eieb poskytovan\u00fdch partnerom.\u00a0<\/span><\/p>\n<p><strong><span style=\"font-size: 18pt; text-align: justify;\">Na\u0161e poslanie:<\/span><\/strong><\/p>\n<p style=\"padding-left: 40px;\"><span style=\"font-weight: 400; font-size: 14pt; text-align: justify;\">\u2714 Neust\u00e1ly rast a rozvoj spolo\u010dnosti je zabezpe\u010den\u00fd harm\u00f3niou spokojnosti zamestnancov a slu\u017eieb poskytovan\u00fdch partnerom.<\/span><\/p>\n<p style=\"padding-left: 40px;\"><span style=\"font-weight: 400; font-size: 14pt;\">\u2714 Na\u0161i sk\u00fasen\u00ed kolegovia pracuj\u00fa v sektore slu\u017eieb roky.<\/span><\/p>\n<p style=\"padding-left: 40px;\"><span style=\"font-weight: 400; font-size: 14pt;\">\u2714 Pracujeme v jednote s klientom, pre klienta a pre seba navz\u00e1jom, aby sme plne uspokojili v\u0161etky potreby.<\/span><\/p>\n<p>[\/vc_column_text][\/vc_column][\/vc_row]<\/p>\n","protected":false},"excerpt":{"rendered":"<p>[vc_row css=&#8220;.vc_custom_1592484763273{margin-top: -80px !important;}&#8220;][vc_column][vc_column_text] O NA\u0160EJ SPOLO\u010cNOSTI [\/vc_column_text][vc_separator color=&#8220;orange&#8220; style=&#8220;shadow&#8220; border_width=&#8220;2&#8243;][\/vc_column][\/vc_row][vc_row][vc_column][vc_column_text]Spolo\u010dnos\u0165 TQL zalo\u017eili na Slovensku L\u00e1szl\u00f3 Piski a Tam\u00e1s H\u00e1hn v roku 2016. Majitelia ju zalo\u017eili na z\u00e1klade svojich viac ako 15 -ro\u010dn\u00fdch odborn\u00fdch sk\u00fasenost\u00ed v automobilovom sektore, sektore slu\u017eieb a zabezpe\u010denia kvality. Profil spolo\u010dnosti je zalo\u017een\u00fd na poskytovan\u00ed slu\u017eieb v automobilovom priemysle a poskytuje [&hellip;]<\/p>\n","protected":false},"author":1,"featured_media":0,"parent":0,"menu_order":0,"comment_status":"closed","ping_status":"closed","template":"","meta":{"_exactmetrics_skip_tracking":false,"_exactmetrics_sitenote_active":false,"_exactmetrics_sitenote_note":"","_exactmetrics_sitenote_category":0,"footnotes":""},"class_list":["post-386","page","type-page","status-publish","hentry"],"_links":{"self":[{"href":"https:\/\/tqlservice.eu\/sk\/wp-json\/wp\/v2\/pages\/386","targetHints":{"allow":["GET"]}}],"collection":[{"href":"https:\/\/tqlservice.eu\/sk\/wp-json\/wp\/v2\/pages"}],"about":[{"href":"https:\/\/tqlservice.eu\/sk\/wp-json\/wp\/v2\/types\/page"}],"author":[{"embeddable":true,"href":"https:\/\/tqlservice.eu\/sk\/wp-json\/wp\/v2\/users\/1"}],"replies":[{"embeddable":true,"href":"https:\/\/tqlservice.eu\/sk\/wp-json\/wp\/v2\/comments?post=386"}],"version-history":[{"count":6,"href":"https:\/\/tqlservice.eu\/sk\/wp-json\/wp\/v2\/pages\/386\/revisions"}],"predecessor-version":[{"id":499,"href":"https:\/\/tqlservice.eu\/sk\/wp-json\/wp\/v2\/pages\/386\/revisions\/499"}],"wp:attachment":[{"href":"https:\/\/tqlservice.eu\/sk\/wp-json\/wp\/v2\/media?parent=386"}],"curies":[{"name":"wp","href":"https:\/\/api.w.org\/{rel}","templated":true}]}}