{"id":380,"date":"2021-09-29T13:56:34","date_gmt":"2021-09-29T11:56:34","guid":{"rendered":"https:\/\/tqlservice.eu\/?page_id=380"},"modified":"2023-06-30T15:29:13","modified_gmt":"2023-06-30T13:29:13","slug":"kezdolap","status":"publish","type":"page","link":"https:\/\/tqlservice.eu\/sk\/","title":{"rendered":"Kezd\u0151lap"},"content":{"rendered":"<p>[vc_row full_width=&#8220;stretch_row&#8220; css=&#8220;.vc_custom_1591776614610{margin-top: -100px !important;background-color: #ffb700 !important;}&#8220;][vc_column][vc_empty_space][vc_column_text]<\/p>\n<h1 style=\"text-align: center;\"><span style=\"color: #ffffff;\">Na\u0161e poslanie<\/span><\/h1>\n<p>[\/vc_column_text][vc_column_text]<\/p>\n<p style=\"text-align: center;\"><span style=\"font-size: 12pt; color: #ffffff;\"><span style=\"font-weight: 400;\">Zamestnanci spolo\u010dnosti TQL sro sa venuj\u00fa maxim\u00e1lnemu naplneniu potrieb klienta. <\/span><span style=\"font-weight: 400;\">Na\u0161i sk\u00fasen\u00ed kolegovia pracuj\u00fa v sektore slu\u017eieb viac rokov. <\/span><span style=\"font-weight: 400;\">Ako u\u017e\u0161\u00ed zv\u00e4zok sa sna\u017e\u00edme v spolupr\u00e1ci s klientom, pre klienta a pre seba navz\u00e1jom plne uspokoji\u0165 v\u0161etky potreby.<\/span><\/span><\/p>\n<p>[\/vc_column_text][\/vc_column][\/vc_row][vc_row][vc_column][vc_separator color=&#8220;orange&#8220; style=&#8220;shadow&#8220; border_width=&#8220;2&#8243;][vc_column_text]<\/p>\n<h1 style=\"text-align: center;\">NA\u0160E SLU\u017dBY<\/h1>\n<p>[\/vc_column_text][vc_separator color=&#8220;orange&#8220; style=&#8220;shadow&#8220; border_width=&#8220;2&#8243;][\/vc_column][\/vc_row][vc_row][vc_column width=&#8220;1\/3&#8243;][vc_message message_box_color=&#8220;orange&#8220; icon_fontawesome=&#8220;fas fa-play&#8220;]<a href=\"https:\/\/tqlservice.eu\/sk\/sluzby\/logistika\/\"><span style=\"font-size: 10pt; color: #000000;\"><strong>LOGISTIKA<\/strong><\/span><\/a>[\/vc_message][\/vc_column][vc_column width=&#8220;1\/3&#8243;][vc_message message_box_color=&#8220;orange&#8220; icon_fontawesome=&#8220;fas fa-play&#8220;]<a href=\"https:\/\/tqlservice.eu\/sk\/sluzby\/podpora-vyroby-vyrobnych-liniek\/\"><span style=\"color: #000000; font-size: 10pt;\"><strong>PODPORA V\u00ddROBY<\/strong><\/span><\/a>[\/vc_message][\/vc_column][vc_column width=&#8220;1\/3&#8243;][vc_message message_box_color=&#8220;orange&#8220; icon_fontawesome=&#8220;fas fa-play&#8220;]<a href=\"https:\/\/tqlservice.eu\/sk\/sluzby\/kontrola-kvality\/\"><span style=\"font-size: 10pt; color: #000000;\"><strong>KONTROLA KVALITY<\/strong><\/span><\/a>[\/vc_message][\/vc_column][\/vc_row][vc_row][vc_column width=&#8220;1\/3&#8243;][vc_message message_box_color=&#8220;orange&#8220; icon_fontawesome=&#8220;fas fa-play&#8220;]<a href=\"https:\/\/tqlservice.eu\/sk\/sluzby\/audit-priprava\/\"><span style=\"font-size: 10pt; color: #000000;\"><strong>AUDIT, PR\u00cdPRAVA<\/strong><\/span><\/a>[\/vc_message][\/vc_column][vc_column width=&#8220;1\/3&#8243;][vc_message message_box_color=&#8220;orange&#8220; icon_fontawesome=&#8220;fas fa-play&#8220;]<a href=\"https:\/\/tqlservice.eu\/sk\/sluzby\/inzinierske-sluzby\/\"><span style=\"font-size: 10pt; color: #000000;\"><strong>IN\u017dINIERSKE SLU\u017dBY<\/strong><\/span><\/a>[\/vc_message][\/vc_column][vc_column width=&#8220;1\/3&#8243;][vc_message message_box_color=&#8220;orange&#8220; icon_fontawesome=&#8220;fas fa-play&#8220;]<a href=\"https:\/\/tqlservice.eu\/sk\/sluzby\/navrh-vyroba-meranie\/\"><span style=\"color: #000000;\"><strong><span style=\"font-size: 10pt;\">PROJEKTOVANIE, V\u00ddROBA<\/span><\/strong><\/span><\/a>[\/vc_message][\/vc_column][\/vc_row][vc_row][vc_column width=&#8220;1\/3&#8243;][vc_message message_box_color=&#8220;orange&#8220; icon_fontawesome=&#8220;fas fa-play&#8220;]<a href=\"https:\/\/tqlservice.eu\/sk\/sluzby\/postprodukcia\/\"><span style=\"font-size: 10pt; color: #000000;\"><strong>POSTPRODUKCIA<\/strong><\/span><\/a>[\/vc_message][\/vc_column][vc_column width=&#8220;1\/3&#8243;][vc_message message_box_color=&#8220;orange&#8220; icon_fontawesome=&#8220;fas fa-play&#8220;]<a href=\"https:\/\/tqlservice.eu\/sk\/sluzby\/technicke-poradenstvo\/\"><span style=\"color: #000000;\"><strong><span style=\"font-size: 10pt;\">TECHNICK\u00c9 PORADENSTVO<\/span><\/strong><\/span><\/a>[\/vc_message][\/vc_column][vc_column width=&#8220;1\/3&#8243;][\/vc_column][\/vc_row][vc_row][vc_column][vc_separator color=&#8220;orange&#8220; style=&#8220;shadow&#8220; border_width=&#8220;2&#8243;][\/vc_column][\/vc_row][vc_row][vc_column width=&#8220;1\/2&#8243;][vc_column_text]<\/p>\n<h2><span style=\"font-weight: 400;\">Pre\u010do pr\u00e1ve na\u0161a firma?<\/span><\/h2>\n<p>[\/vc_column_text][vc_column_text]<\/p>\n<h3 style=\"padding-left: 40px;\"><span style=\"font-weight: 400;\">\u2714 Dostupnos\u0165 0-24 hod\u00edn<\/span><span style=\"font-weight: 400;\"><br \/>\n<\/span><span style=\"font-weight: 400;\">\u2714 R\u00fdchlos\u0165<\/span><span style=\"font-weight: 400;\"><br \/>\n<\/span><span style=\"font-weight: 400;\">\u2714 Flexibilita<\/span><span style=\"font-weight: 400;\"><br \/>\n<\/span><span style=\"font-weight: 400;\">\u2714 Nad\u0161tandardn\u00e1 odbornos\u0165 a sk\u00fasenos\u0165 <\/span><span style=\"font-weight: 400;\"><br \/>\n<\/span><span style=\"font-weight: 400;\">\u2714 Vynikaj\u00faci pomer medzi kvalitou a cenou <\/span><span style=\"font-weight: 400;\"><br \/>\n<\/span><span style=\"font-weight: 400;\">\u2714 Mysok\u00e1 \u00farove\u0148 kontaktn\u00e9ho kapit\u00e1lu<\/span><\/h3>\n<p>[\/vc_column_text][vc_column_text]<a href=\"https:\/\/tqlservice.eu\/wp-content\/uploads\/2020\/12\/F49_421114724_web_v1_c843a4f0-bb10-4a03-aa3f-a5936c4d2198_en.pdf\" target=\"_blank\" rel=\"noopener noreferrer\"><img loading=\"lazy\" decoding=\"async\" class=\"aligncenter wp-image-90\" src=\"https:\/\/tqlservice.eu\/wp-content\/uploads\/2020\/06\/logo_for_client-300x101.jpg\" alt=\"\" width=\"200\" height=\"67\" srcset=\"https:\/\/tqlservice.eu\/wp-content\/uploads\/2020\/06\/logo_for_client-300x101.jpg 300w, https:\/\/tqlservice.eu\/wp-content\/uploads\/2020\/06\/logo_for_client.jpg 349w\" sizes=\"auto, (max-width: 200px) 100vw, 200px\" \/><\/a>[\/vc_column_text][\/vc_column][vc_column width=&#8220;1\/2&#8243;][vc_column_text]<\/p>\n<h3 style=\"text-align: center;\"><strong>M\u00e1\u0161 ot\u00e1zku? Nap\u00ed\u0161 to:<\/strong><\/h3>\n<p>[\/vc_column_text][vc_column_text]<\/p>\n<table class=\"nf-table-display\">\n<tbody class=\"forms-collection\">\n<tr>\n<td><noscript class=\"ninja-forms-noscript-message\">\n\tNotice: JavaScript is required for this content.<\/noscript>\n<div id=\"nf-form-7-cont\" class=\"nf-form-cont\" aria-live=\"polite\" aria-labelledby=\"nf-form-title-7\" aria-describedby=\"nf-form-errors-7\" role=\"form\">\n\n    <div class=\"nf-loading-spinner\"><\/div>\n\n<\/div>\n        <!-- That data is being printed as a workaround to page builders reordering the order of the scripts loaded-->\n        <script>var formDisplay=1;var nfForms=nfForms||[];var form=[];form.id='7';form.settings={\"objectType\":\"Form Setting\",\"editActive\":true,\"title\":\"Egyoszlopos - SK\",\"created_at\":\"2023-06-30 14:50:29\",\"default_label_pos\":\"above\",\"show_title\":\"0\",\"clear_complete\":\"1\",\"hide_complete\":\"1\",\"logged_in\":\"\",\"wrapper_class\":\"\",\"element_class\":\"\",\"form_title_heading_level\":\"3\",\"key\":\"\",\"add_submit\":\"1\",\"currency\":\"\",\"unique_field_error\":\"A form with this value has already been submitted.\",\"not_logged_in_msg\":\"\",\"sub_limit_msg\":\"The form has reached its submission limit.\",\"calculations\":[],\"formContentData\":[\"meno_1688129529844\",\"e-mailova_adresa_1688129545948\",\"telefonne_cislo_pre_pripad_spaetnej_vaezby_1688129556808\",\"v_com_vam_mozeme_pomoct_1688129573479\",\"prosim_potvrdte_vasu_totoznost_1688129597786\",\"odoslat_spravu_1688130022380\"],\"changeEmailErrorMsg\":\"ZADAJTE SKUTO\\u010cN\\u00da E-MAILOV\\u00da ADRESU!\",\"changeDateErrorMsg\":\"ZADAJTE PROS\\u00cdM PLATN\\u00dd D\\u00c1TUM!\",\"confirmFieldErrorMsg\":\"These fields must match!\",\"fieldNumberNumMinError\":\"Number Min Error\",\"fieldNumberNumMaxError\":\"Number Max Error\",\"fieldNumberIncrementBy\":\"Please increment by \",\"formErrorsCorrectErrors\":\"Please correct errors before submitting this form.\",\"validateRequiredField\":\"TOTO POLE JE POVINN\\u00c9.\",\"honeypotHoneypotError\":\"Honeypot Error\",\"fieldsMarkedRequired\":\"POLIA OZNA\\u010cEN\\u00c9 * S\\u00da POVINN\\u00c9\",\"drawerDisabled\":false,\"allow_public_link\":0,\"embed_form\":\"\",\"ninjaForms\":\"Ninja Forms\",\"fieldTextareaRTEInsertLink\":\"Insert Link\",\"fieldTextareaRTEInsertMedia\":\"Insert Media\",\"fieldTextareaRTESelectAFile\":\"Select a file\",\"formHoneypot\":\"If you are a human seeing this field, please leave it empty.\",\"fileUploadOldCodeFileUploadInProgress\":\"File Upload in Progress.\",\"fileUploadOldCodeFileUpload\":\"FILE UPLOAD\",\"currencySymbol\":\"&#70;&#116;\",\"thousands_sep\":\"&nbsp;\",\"decimal_point\":\",\",\"siteLocale\":\"sk_SK\",\"dateFormat\":\"Y\\\/m\\\/d\",\"startOfWeek\":\"1\",\"of\":\"of\",\"previousMonth\":\"Previous Month\",\"nextMonth\":\"Next Month\",\"months\":[\"January\",\"February\",\"March\",\"April\",\"May\",\"June\",\"July\",\"August\",\"September\",\"October\",\"November\",\"December\"],\"monthsShort\":[\"Jan\",\"Feb\",\"Mar\",\"Apr\",\"May\",\"Jun\",\"Jul\",\"Aug\",\"Sep\",\"Oct\",\"Nov\",\"Dec\"],\"weekdays\":[\"Sunday\",\"Monday\",\"Tuesday\",\"Wednesday\",\"Thursday\",\"Friday\",\"Saturday\"],\"weekdaysShort\":[\"Sun\",\"Mon\",\"Tue\",\"Wed\",\"Thu\",\"Fri\",\"Sat\"],\"weekdaysMin\":[\"Su\",\"Mo\",\"Tu\",\"We\",\"Th\",\"Fr\",\"Sa\"],\"recaptchaConsentMissing\":\"reCaptcha validation couldn&#039;t load.\",\"recaptchaMissingCookie\":\"reCaptcha v3 validation couldn&#039;t load the cookie needed to submit the form.\",\"recaptchaConsentEvent\":\"Accept reCaptcha cookies before sending the form.\",\"currency_symbol\":\"\",\"beforeForm\":\"\",\"beforeFields\":\"\",\"afterFields\":\"\",\"afterForm\":\"\"};form.fields=[{\"objectType\":\"Field\",\"objectDomain\":\"fields\",\"editActive\":false,\"order\":1,\"idAttribute\":\"id\",\"label\":\"Meno:\",\"type\":\"textbox\",\"key\":\"meno_1688129529844\",\"label_pos\":\"above\",\"required\":1,\"default\":\"\",\"placeholder\":\"\",\"container_class\":\"\",\"element_class\":\"\",\"input_limit\":\"\",\"input_limit_type\":\"characters\",\"input_limit_msg\":\"Character(s) left\",\"manual_key\":\"\",\"admin_label\":\"\",\"help_text\":\"\",\"mask\":\"\",\"custom_mask\":\"\",\"custom_name_attribute\":\"\",\"personally_identifiable\":\"\",\"value\":\"\",\"field_label\":\"Neve:\",\"field_key\":\"neve_1687886892407\",\"drawerDisabled\":false,\"id\":46,\"beforeField\":\"\",\"afterField\":\"\",\"parentType\":\"textbox\",\"element_templates\":[\"textbox\",\"input\"],\"old_classname\":\"\",\"wrap_template\":\"wrap\"},{\"objectType\":\"Field\",\"objectDomain\":\"fields\",\"editActive\":false,\"order\":2,\"idAttribute\":\"id\",\"label\":\"E-mailov\\u00e1 adresa:\",\"type\":\"email\",\"key\":\"e-mailova_adresa_1688129545948\",\"label_pos\":\"above\",\"required\":1,\"default\":\"\",\"placeholder\":\"\",\"container_class\":\"\",\"element_class\":\"\",\"admin_label\":\"\",\"help_text\":\"\",\"custom_name_attribute\":\"email\",\"personally_identifiable\":1,\"value\":\"\",\"drawerDisabled\":\"\",\"field_label\":\"E-mail c\\u00edme:\",\"field_key\":\"e-mail_cime_1687886887111\",\"id\":47,\"beforeField\":\"\",\"afterField\":\"\",\"parentType\":\"email\",\"element_templates\":[\"email\",\"input\"],\"old_classname\":\"\",\"wrap_template\":\"wrap\"},{\"objectType\":\"Field\",\"objectDomain\":\"fields\",\"editActive\":false,\"order\":3,\"idAttribute\":\"id\",\"label\":\"Telef\\u00f3nne \\u010d\\u00edslo (pre pr\\u00edpad sp\\u00e4tnej v\\u00e4zby):\",\"type\":\"textbox\",\"key\":\"telefonne_cislo_pre_pripad_spaetnej_vaezby_1688129556808\",\"label_pos\":\"above\",\"required\":1,\"default\":\"\",\"placeholder\":\"\",\"container_class\":\"\",\"element_class\":\"\",\"input_limit\":\"\",\"input_limit_type\":\"characters\",\"input_limit_msg\":\"Character(s) left\",\"manual_key\":\"\",\"admin_label\":\"\",\"help_text\":\"\",\"mask\":\"\",\"custom_mask\":\"\",\"custom_name_attribute\":\"\",\"personally_identifiable\":\"\",\"value\":\"\",\"field_label\":\"Telefonsz\\u00e1ma:\",\"field_key\":\"telefonszama_1687886904627\",\"drawerDisabled\":false,\"id\":48,\"beforeField\":\"\",\"afterField\":\"\",\"parentType\":\"textbox\",\"element_templates\":[\"textbox\",\"input\"],\"old_classname\":\"\",\"wrap_template\":\"wrap\"},{\"objectType\":\"Field\",\"objectDomain\":\"fields\",\"editActive\":false,\"order\":4,\"idAttribute\":\"id\",\"type\":\"textarea\",\"label\":\"V \\u010dom V\\u00e1m m\\u00f4\\u017eeme pom\\u00f4c\\u0165?\",\"key\":\"v_com_vam_mozeme_pomoct_1688129573479\",\"label_pos\":\"above\",\"required\":1,\"default\":\"\",\"placeholder\":\"\",\"container_class\":\"\",\"element_class\":\"\",\"input_limit\":\"\",\"input_limit_type\":\"characters\",\"input_limit_msg\":\"Character(s) left\",\"manual_key\":\"\",\"admin_label\":\"\",\"help_text\":\"\",\"textarea_rte\":\"\",\"disable_rte_mobile\":\"\",\"textarea_media\":\"\",\"value\":\"\",\"drawerDisabled\":false,\"field_label\":\"Miben lehet\\u00fcnk seg\\u00edts\\u00e9g\\u00e9re?\",\"field_key\":\"miben_lehetuenk_segitsegere_1687886935723\",\"id\":49,\"beforeField\":\"\",\"afterField\":\"\",\"parentType\":\"textarea\",\"element_templates\":[\"textarea\",\"input\"],\"old_classname\":\"\",\"wrap_template\":\"wrap\"},{\"objectType\":\"Field\",\"objectDomain\":\"fields\",\"editActive\":false,\"order\":6,\"idAttribute\":\"id\",\"label\":\"Pros\\u00edm, potvrdte Va\\u0161u toto\\u017enos\\u0165!\",\"type\":\"recaptcha\",\"container_class\":\"\",\"element_class\":\"\",\"size\":\"visible\",\"key\":\"prosim_potvrdte_vasu_totoznost_1688129597786\",\"drawerDisabled\":false,\"field_label\":\"Recaptcha\",\"field_key\":\"recaptcha_1687886961526\",\"id\":51,\"beforeField\":\"\",\"afterField\":\"\",\"value\":\"\",\"label_pos\":\"above\",\"parentType\":\"textbox\",\"element_templates\":[\"recaptcha\",\"input\"],\"old_classname\":\"\",\"wrap_template\":\"wrap\",\"site_key\":\"6LeGGtYZAAAAANWLjwWbiUezohZ_aasnlhyKTB8J\",\"theme\":\"light\",\"lang\":\"hu\"},{\"objectType\":\"Field\",\"objectDomain\":\"fields\",\"editActive\":false,\"order\":7,\"idAttribute\":\"id\",\"type\":\"submit\",\"label\":\"Odosla\\u0165 spr\\u00e1vu\",\"processing_label\":\"Prebieha...\",\"container_class\":\"\",\"element_class\":\"\",\"key\":\"odoslat_spravu_1688130022380\",\"drawerDisabled\":false,\"field_label\":\"\\u00dczenet k\\u00fcld\\u00e9se\",\"field_key\":\"uezenet_kueldese_1687888050755\",\"id\":50,\"beforeField\":\"\",\"afterField\":\"\",\"value\":\"\",\"label_pos\":\"above\",\"parentType\":\"textbox\",\"element_templates\":[\"submit\",\"button\",\"input\"],\"old_classname\":\"\",\"wrap_template\":\"wrap-no-label\"}];nfForms.push(form);<\/script>\n        <\/td>\n<\/tr>\n<\/tbody>\n<\/table>\n<p>[\/vc_column_text][\/vc_column][\/vc_row]<\/p>\n","protected":false},"excerpt":{"rendered":"<p>[vc_row full_width=&#8220;stretch_row&#8220; css=&#8220;.vc_custom_1591776614610{margin-top: -100px !important;background-color: #ffb700 !important;}&#8220;][vc_column][vc_empty_space][vc_column_text] Na\u0161e poslanie [\/vc_column_text][vc_column_text] Zamestnanci spolo\u010dnosti TQL sro sa venuj\u00fa maxim\u00e1lnemu naplneniu potrieb klienta. Na\u0161i sk\u00fasen\u00ed kolegovia pracuj\u00fa v sektore slu\u017eieb viac rokov. Ako u\u017e\u0161\u00ed zv\u00e4zok sa sna\u017e\u00edme v spolupr\u00e1ci s klientom, pre klienta a pre seba navz\u00e1jom plne uspokoji\u0165 v\u0161etky potreby. [\/vc_column_text][\/vc_column][\/vc_row][vc_row][vc_column][vc_separator color=&#8220;orange&#8220; style=&#8220;shadow&#8220; border_width=&#8220;2&#8243;][vc_column_text] NA\u0160E SLU\u017dBY [\/vc_column_text][vc_separator [&hellip;]<\/p>\n","protected":false},"author":1,"featured_media":0,"parent":0,"menu_order":0,"comment_status":"closed","ping_status":"closed","template":"","meta":{"_exactmetrics_skip_tracking":false,"_exactmetrics_sitenote_active":false,"_exactmetrics_sitenote_note":"","_exactmetrics_sitenote_category":0,"footnotes":""},"class_list":["post-380","page","type-page","status-publish","hentry"],"_links":{"self":[{"href":"https:\/\/tqlservice.eu\/sk\/wp-json\/wp\/v2\/pages\/380","targetHints":{"allow":["GET"]}}],"collection":[{"href":"https:\/\/tqlservice.eu\/sk\/wp-json\/wp\/v2\/pages"}],"about":[{"href":"https:\/\/tqlservice.eu\/sk\/wp-json\/wp\/v2\/types\/page"}],"author":[{"embeddable":true,"href":"https:\/\/tqlservice.eu\/sk\/wp-json\/wp\/v2\/users\/1"}],"replies":[{"embeddable":true,"href":"https:\/\/tqlservice.eu\/sk\/wp-json\/wp\/v2\/comments?post=380"}],"version-history":[{"count":12,"href":"https:\/\/tqlservice.eu\/sk\/wp-json\/wp\/v2\/pages\/380\/revisions"}],"predecessor-version":[{"id":904,"href":"https:\/\/tqlservice.eu\/sk\/wp-json\/wp\/v2\/pages\/380\/revisions\/904"}],"wp:attachment":[{"href":"https:\/\/tqlservice.eu\/sk\/wp-json\/wp\/v2\/media?parent=380"}],"curies":[{"name":"wp","href":"https:\/\/api.w.org\/{rel}","templated":true}]}}