{"id":799,"date":"2023-06-30T18:36:53","date_gmt":"2023-06-30T16:36:53","guid":{"rendered":"https:\/\/tqlservice.eu\/?page_id=799"},"modified":"2023-06-30T18:37:13","modified_gmt":"2023-06-30T16:37:13","slug":"impresszum","status":"publish","type":"page","link":"https:\/\/tqlservice.eu\/en\/impresszum\/","title":{"rendered":"Impresszum"},"content":{"rendered":"<p>[vc_row css=&#8221;.vc_custom_1592484619273{margin-top: -80px !important;}&#8221;][vc_column][vc_column_text]<\/p>\n<h1 style=\"text-align: center;\">IMPRESZUM<\/h1>\n<p>[\/vc_column_text][vc_separator color=&#8221;orange&#8221; style=&#8221;shadow&#8221; border_width=&#8221;2&#8243;][\/vc_column][\/vc_row][vc_row][vc_column][vc_column_text]<strong>1) The data manager responsible for the content of the website, social media interface available at the internet address &#8211; collectively hereinafter: website &#8211; and the owner of the domain and the website:<\/strong><\/p>\n<h4><span id=\"LongName\">TQL S.R.O.<\/span><\/h4>\n<p><span class=\"address\">943 04 Obid, Dolnoseck\u00e1 21<br \/>\n<\/span><span class=\"label\">AD\u00d3SZ\u00c1M: SK2120399468<\/span><\/p>\n<h4><span id=\"LongName\">TQL s.r.o. Magyarorsz\u00e1gi Fi\u00f3ktelepe<\/span><\/h4>\n<p><span class=\"address\">9025 Gy\u0151r, Simor t\u00e9r 5.<br \/>\n<\/span><span class=\"label\">AD\u00d3SZ\u00c1M: 26747961-2-08<\/span><span class=\"data\"><br \/>\n<\/span><span class=\"label\">C\u00c9GJEGYZ\u00c9KSZ\u00c1M: 08 17 000068<\/span><\/p>\n<p><strong>2.) The authority supervising data management:<\/strong><\/p>\n<p><strong>Nemzeti Adatv\u00e9delmi \u00e9s Inform\u00e1ci\u00f3szabads\u00e1g Hat\u00f3s\u00e1g<\/strong><br \/>\nSz\u00e9khely: 1125 Budapest, Falk Miksa utca 9-11.<br \/>\nPostac\u00edm: 1363 Budapest, Pf. 9.<br \/>\nTelefon: +36 30 683 5969<br \/>\nFax: +36 1 391 1410<br \/>\nE-mail: ugyfelszolgalat@naih.hu<br \/>\nWebhely: http:\/\/www.naih.hu\/<\/p>\n<p><strong>3.) Hosting provider:<\/strong><\/p>\n<p><strong>KTS Online Kft<\/strong><br \/>\nAd\u00f3sz\u00e1m: 29152106-2-08.<br \/>\nC\u00e9gjegyz\u00e9ksz\u00e1m: 08-09-032885<br \/>\nGy\u0151ri T\u00f6rv\u00e9nysz\u00e9k C\u00e9gb\u00edr\u00f3s\u00e1ga nyilv\u00e1ntart\u00e1s\u00e1ban.<br \/>\nStatisztikai sz\u00e1mjel: 29152106-6311-113-08.<br \/>\nK\u00f6z\u00f6ss\u00e9gi ad\u00f3sz\u00e1m: HU29152106.<\/p>\n<p>Server room:\u00a0 1132 Budapest, Victor Hug\u00f3 utca 18-22.<br \/>\nE-MAIL info@kts.hu<\/p>\n<p><strong>4.) If the User (consumer) lives in the European Union, he can use the following online dispute resolution tool of the European Commission in connection with his complaint about the service.<\/strong><\/p>\n<p>The European Commission&#8217;s online dispute resolution platform<br \/>\nWebsite: https:\/\/webgate.ec.europa.eu\/odr<\/p>\n<p>This internet-based platform was created by the EU for consumers who want to complain about products or services they have bought online and ask a neutral third party (dispute body) to handle the complaint.<\/p>\n<p>You can find more information about the online dispute resolution platform and its use, as well as how to resolve disputes, on the website accessible by using the link above.[\/vc_column_text][\/vc_column][\/vc_row]<\/p>\n","protected":false},"excerpt":{"rendered":"<p>[vc_row css=&#8221;.vc_custom_1592484619273{margin-top: -80px !important;}&#8221;][vc_column][vc_column_text] IMPRESZUM [\/vc_column_text][vc_separator color=&#8221;orange&#8221; style=&#8221;shadow&#8221; border_width=&#8221;2&#8243;][\/vc_column][\/vc_row][vc_row][vc_column][vc_column_text]1) The data manager responsible for the content of the website, social media interface available at the internet address &#8211; collectively hereinafter: website &#8211; and the owner of the domain and the website: TQL S.R.O. 943 04 Obid, Dolnoseck\u00e1 21 AD\u00d3SZ\u00c1M: SK2120399468 TQL s.r.o. Magyarorsz\u00e1gi Fi\u00f3ktelepe 9025 [&hellip;]<\/p>\n","protected":false},"author":1,"featured_media":0,"parent":0,"menu_order":0,"comment_status":"closed","ping_status":"closed","template":"","meta":{"_exactmetrics_skip_tracking":false,"_exactmetrics_sitenote_active":false,"_exactmetrics_sitenote_note":"","_exactmetrics_sitenote_category":0,"footnotes":""},"class_list":["post-799","page","type-page","status-publish","hentry"],"_links":{"self":[{"href":"https:\/\/tqlservice.eu\/en\/wp-json\/wp\/v2\/pages\/799","targetHints":{"allow":["GET"]}}],"collection":[{"href":"https:\/\/tqlservice.eu\/en\/wp-json\/wp\/v2\/pages"}],"about":[{"href":"https:\/\/tqlservice.eu\/en\/wp-json\/wp\/v2\/types\/page"}],"author":[{"embeddable":true,"href":"https:\/\/tqlservice.eu\/en\/wp-json\/wp\/v2\/users\/1"}],"replies":[{"embeddable":true,"href":"https:\/\/tqlservice.eu\/en\/wp-json\/wp\/v2\/comments?post=799"}],"version-history":[{"count":2,"href":"https:\/\/tqlservice.eu\/en\/wp-json\/wp\/v2\/pages\/799\/revisions"}],"predecessor-version":[{"id":951,"href":"https:\/\/tqlservice.eu\/en\/wp-json\/wp\/v2\/pages\/799\/revisions\/951"}],"wp:attachment":[{"href":"https:\/\/tqlservice.eu\/en\/wp-json\/wp\/v2\/media?parent=799"}],"curies":[{"name":"wp","href":"https:\/\/api.w.org\/{rel}","templated":true}]}}